{"id":730,"date":"2024-07-10T11:51:40","date_gmt":"2024-07-10T16:51:40","guid":{"rendered":"https:\/\/iagencia.co\/ACEROS\/?post_type=product&#038;p=730"},"modified":"2024-10-10T16:45:34","modified_gmt":"2024-10-10T21:45:34","slug":"tuberia-cerramiento","status":"publish","type":"product","link":"https:\/\/acerosmapa.com.co\/en\/product\/tuberia-cerramiento\/","title":{"rendered":"Piping Enclosure"},"content":{"rendered":"<p>The HR enclosure pipe is a specific type of hot rolled steel pipe, generally made of carbon steel, provides a good combination of strength, ductility, high tensile strength and good weldability which makes it ideal for structural uses and is used for fencing, partitioning, space delimitation in construction sites and urban projects.<\/p>","protected":false},"excerpt":{"rendered":"<p>La tuber\u00eda de cerramiento HR es un tipo espec\u00edfico de tuber\u00eda de acero laminada en caliente, generalmente fabricada de acero al carbono, proporciona una buena combinaci\u00f3n de resistencia, ductilidad, alta resistencia a la tracci\u00f3n y buena soldabilidad lo que la hace ideal para usos estructurales y es utilizada para cercas, divisiones, delimitaciones de espacios en [&hellip;]<\/p>","protected":false},"featured_media":1427,"comment_status":"open","ping_status":"closed","template":"","meta":{"_acf_changed":false},"product_cat":[26],"product_tag":[],"class_list":{"0":"post-730","1":"product","2":"type-product","3":"status-publish","4":"has-post-thumbnail","6":"product_cat-tuberias","8":"first","9":"instock","10":"shipping-taxable","11":"purchasable","12":"product-type-simple"},"acf":[],"yoast_head":"<!-- This site is optimized with the Yoast SEO Premium plugin v23.3 (Yoast SEO v23.3) - https:\/\/yoast.com\/wordpress\/plugins\/seo\/ -->\n<title>Tuber\u00eda Cerramiento - Aceros Mapa - Expertos en aceros<\/title>\n<meta name=\"robots\" content=\"index, follow, max-snippet:-1, max-image-preview:large, max-video-preview:-1\" \/>\n<link rel=\"canonical\" href=\"https:\/\/acerosmapa.com.co\/en\/product\/tuberia-cerramiento\/\" \/>\n<meta property=\"og:locale\" content=\"en_US\" \/>\n<meta property=\"og:type\" content=\"article\" \/>\n<meta property=\"og:title\" content=\"Tuber\u00eda Cerramiento\" \/>\n<meta property=\"og:description\" content=\"La tuber\u00eda de cerramiento HR es un tipo espec\u00edfico de tuber\u00eda de acero laminada en caliente, generalmente fabricada de acero al carbono, proporciona una buena combinaci\u00f3n de resistencia, ductilidad, alta resistencia a la tracci\u00f3n y buena soldabilidad lo que la hace ideal para usos estructurales y es utilizada para cercas, divisiones, delimitaciones de espacios en [&hellip;]\" \/>\n<meta property=\"og:url\" content=\"https:\/\/acerosmapa.com.co\/en\/product\/tuberia-cerramiento\/\" \/>\n<meta property=\"og:site_name\" content=\"Aceros Mapa - Expertos en aceros\" \/>\n<meta property=\"article:modified_time\" content=\"2024-10-10T21:45:34+00:00\" \/>\n<meta property=\"og:image\" content=\"https:\/\/acerosmapa.com.co\/wp-content\/uploads\/2024\/07\/TUBERIA-DE-CERRAMIENTO-3.jpg\" \/>\n\t<meta property=\"og:image:width\" content=\"1920\" \/>\n\t<meta property=\"og:image:height\" content=\"1080\" \/>\n\t<meta property=\"og:image:type\" content=\"image\/jpeg\" \/>\n<meta name=\"twitter:card\" content=\"summary_large_image\" \/>\n<meta name=\"twitter:label1\" content=\"Est. reading time\" \/>\n\t<meta name=\"twitter:data1\" content=\"1 minute\" \/>\n<script type=\"application\/ld+json\" class=\"yoast-schema-graph\">{\"@context\":\"https:\/\/schema.org\",\"@graph\":[{\"@type\":\"WebPage\",\"@id\":\"https:\/\/acerosmapa.com.co\/producto\/tuberia-cerramiento\/\",\"url\":\"https:\/\/acerosmapa.com.co\/producto\/tuberia-cerramiento\/\",\"name\":\"Tuber\u00eda Cerramiento - Aceros Mapa - Expertos en aceros\",\"isPartOf\":{\"@id\":\"https:\/\/acerosmapa.com.co\/#website\"},\"primaryImageOfPage\":{\"@id\":\"https:\/\/acerosmapa.com.co\/producto\/tuberia-cerramiento\/#primaryimage\"},\"image\":{\"@id\":\"https:\/\/acerosmapa.com.co\/producto\/tuberia-cerramiento\/#primaryimage\"},\"thumbnailUrl\":\"https:\/\/acerosmapa.com.co\/wp-content\/uploads\/2024\/07\/TUBERIA-DE-CERRAMIENTO-3.jpg\",\"datePublished\":\"2024-07-10T16:51:40+00:00\",\"dateModified\":\"2024-10-10T21:45:34+00:00\",\"breadcrumb\":{\"@id\":\"https:\/\/acerosmapa.com.co\/producto\/tuberia-cerramiento\/#breadcrumb\"},\"inLanguage\":\"en-US\",\"potentialAction\":[{\"@type\":\"ReadAction\",\"target\":[\"https:\/\/acerosmapa.com.co\/producto\/tuberia-cerramiento\/\"]}]},{\"@type\":\"ImageObject\",\"inLanguage\":\"en-US\",\"@id\":\"https:\/\/acerosmapa.com.co\/producto\/tuberia-cerramiento\/#primaryimage\",\"url\":\"https:\/\/acerosmapa.com.co\/wp-content\/uploads\/2024\/07\/TUBERIA-DE-CERRAMIENTO-3.jpg\",\"contentUrl\":\"https:\/\/acerosmapa.com.co\/wp-content\/uploads\/2024\/07\/TUBERIA-DE-CERRAMIENTO-3.jpg\",\"width\":1920,\"height\":1080},{\"@type\":\"BreadcrumbList\",\"@id\":\"https:\/\/acerosmapa.com.co\/producto\/tuberia-cerramiento\/#breadcrumb\",\"itemListElement\":[{\"@type\":\"ListItem\",\"position\":1,\"name\":\"Home\",\"item\":\"https:\/\/acerosmapa.com.co\/\"},{\"@type\":\"ListItem\",\"position\":2,\"name\":\"Tienda\",\"item\":\"https:\/\/acerosmapa.com.co\/tienda\/\"},{\"@type\":\"ListItem\",\"position\":3,\"name\":\"Tuber\u00eda Cerramiento\"}]},{\"@type\":\"WebSite\",\"@id\":\"https:\/\/acerosmapa.com.co\/#website\",\"url\":\"https:\/\/acerosmapa.com.co\/\",\"name\":\"Aceros Mapa - Expertos en aceros\",\"description\":\"Aceros Especiales, Laminas de Acero, Tuberias, Perfiles estructurales,corte de acero y mucho mas.\",\"publisher\":{\"@id\":\"https:\/\/acerosmapa.com.co\/#organization\"},\"potentialAction\":[{\"@type\":\"SearchAction\",\"target\":{\"@type\":\"EntryPoint\",\"urlTemplate\":\"https:\/\/acerosmapa.com.co\/?s={search_term_string}\"},\"query-input\":\"required name=search_term_string\"}],\"inLanguage\":\"en-US\"},{\"@type\":\"Organization\",\"@id\":\"https:\/\/acerosmapa.com.co\/#organization\",\"name\":\"Aceros Mapa - Expertos en aceros\",\"url\":\"https:\/\/acerosmapa.com.co\/\",\"logo\":{\"@type\":\"ImageObject\",\"inLanguage\":\"en-US\",\"@id\":\"https:\/\/acerosmapa.com.co\/#\/schema\/logo\/image\/\",\"url\":\"https:\/\/acerosmapa.com.co\/wp-content\/uploads\/2024\/05\/LOGO-ACEROS.png\",\"contentUrl\":\"https:\/\/acerosmapa.com.co\/wp-content\/uploads\/2024\/05\/LOGO-ACEROS.png\",\"width\":465,\"height\":148,\"caption\":\"Aceros Mapa - Expertos en aceros\"},\"image\":{\"@id\":\"https:\/\/acerosmapa.com.co\/#\/schema\/logo\/image\/\"}}]}<\/script>\n<!-- \/ Yoast SEO Premium plugin. -->","yoast_head_json":{"title":"Tuber\u00eda Cerramiento - Aceros Mapa - Expertos en aceros","robots":{"index":"index","follow":"follow","max-snippet":"max-snippet:-1","max-image-preview":"max-image-preview:large","max-video-preview":"max-video-preview:-1"},"canonical":"https:\/\/acerosmapa.com.co\/en\/product\/tuberia-cerramiento\/","og_locale":"en_US","og_type":"article","og_title":"Tuber\u00eda Cerramiento","og_description":"La tuber\u00eda de cerramiento HR es un tipo espec\u00edfico de tuber\u00eda de acero laminada en caliente, generalmente fabricada de acero al carbono, proporciona una buena combinaci\u00f3n de resistencia, ductilidad, alta resistencia a la tracci\u00f3n y buena soldabilidad lo que la hace ideal para usos estructurales y es utilizada para cercas, divisiones, delimitaciones de espacios en [&hellip;]","og_url":"https:\/\/acerosmapa.com.co\/en\/product\/tuberia-cerramiento\/","og_site_name":"Aceros Mapa - Expertos en aceros","article_modified_time":"2024-10-10T21:45:34+00:00","og_image":[{"width":1920,"height":1080,"url":"https:\/\/acerosmapa.com.co\/wp-content\/uploads\/2024\/07\/TUBERIA-DE-CERRAMIENTO-3.jpg","type":"image\/jpeg"}],"twitter_card":"summary_large_image","twitter_misc":{"Est. reading time":"1 minute"},"schema":{"@context":"https:\/\/schema.org","@graph":[{"@type":"WebPage","@id":"https:\/\/acerosmapa.com.co\/producto\/tuberia-cerramiento\/","url":"https:\/\/acerosmapa.com.co\/producto\/tuberia-cerramiento\/","name":"Tuber\u00eda Cerramiento - Aceros Mapa - Expertos en aceros","isPartOf":{"@id":"https:\/\/acerosmapa.com.co\/#website"},"primaryImageOfPage":{"@id":"https:\/\/acerosmapa.com.co\/producto\/tuberia-cerramiento\/#primaryimage"},"image":{"@id":"https:\/\/acerosmapa.com.co\/producto\/tuberia-cerramiento\/#primaryimage"},"thumbnailUrl":"https:\/\/acerosmapa.com.co\/wp-content\/uploads\/2024\/07\/TUBERIA-DE-CERRAMIENTO-3.jpg","datePublished":"2024-07-10T16:51:40+00:00","dateModified":"2024-10-10T21:45:34+00:00","breadcrumb":{"@id":"https:\/\/acerosmapa.com.co\/producto\/tuberia-cerramiento\/#breadcrumb"},"inLanguage":"en-US","potentialAction":[{"@type":"ReadAction","target":["https:\/\/acerosmapa.com.co\/producto\/tuberia-cerramiento\/"]}]},{"@type":"ImageObject","inLanguage":"en-US","@id":"https:\/\/acerosmapa.com.co\/producto\/tuberia-cerramiento\/#primaryimage","url":"https:\/\/acerosmapa.com.co\/wp-content\/uploads\/2024\/07\/TUBERIA-DE-CERRAMIENTO-3.jpg","contentUrl":"https:\/\/acerosmapa.com.co\/wp-content\/uploads\/2024\/07\/TUBERIA-DE-CERRAMIENTO-3.jpg","width":1920,"height":1080},{"@type":"BreadcrumbList","@id":"https:\/\/acerosmapa.com.co\/producto\/tuberia-cerramiento\/#breadcrumb","itemListElement":[{"@type":"ListItem","position":1,"name":"Home","item":"https:\/\/acerosmapa.com.co\/"},{"@type":"ListItem","position":2,"name":"Tienda","item":"https:\/\/acerosmapa.com.co\/tienda\/"},{"@type":"ListItem","position":3,"name":"Tuber\u00eda Cerramiento"}]},{"@type":"WebSite","@id":"https:\/\/acerosmapa.com.co\/#website","url":"https:\/\/acerosmapa.com.co\/","name":"Aceros Mapa - Expertos en aceros","description":"Aceros Especiales, Laminas de Acero, Tuberias, Perfiles estructurales,corte de acero y mucho mas.","publisher":{"@id":"https:\/\/acerosmapa.com.co\/#organization"},"potentialAction":[{"@type":"SearchAction","target":{"@type":"EntryPoint","urlTemplate":"https:\/\/acerosmapa.com.co\/?s={search_term_string}"},"query-input":"required name=search_term_string"}],"inLanguage":"en-US"},{"@type":"Organization","@id":"https:\/\/acerosmapa.com.co\/#organization","name":"Aceros Mapa - Expertos en aceros","url":"https:\/\/acerosmapa.com.co\/","logo":{"@type":"ImageObject","inLanguage":"en-US","@id":"https:\/\/acerosmapa.com.co\/#\/schema\/logo\/image\/","url":"https:\/\/acerosmapa.com.co\/wp-content\/uploads\/2024\/05\/LOGO-ACEROS.png","contentUrl":"https:\/\/acerosmapa.com.co\/wp-content\/uploads\/2024\/05\/LOGO-ACEROS.png","width":465,"height":148,"caption":"Aceros Mapa - Expertos en aceros"},"image":{"@id":"https:\/\/acerosmapa.com.co\/#\/schema\/logo\/image\/"}}]}},"_links":{"self":[{"href":"https:\/\/acerosmapa.com.co\/en\/wp-json\/wp\/v2\/product\/730"}],"collection":[{"href":"https:\/\/acerosmapa.com.co\/en\/wp-json\/wp\/v2\/product"}],"about":[{"href":"https:\/\/acerosmapa.com.co\/en\/wp-json\/wp\/v2\/types\/product"}],"replies":[{"embeddable":true,"href":"https:\/\/acerosmapa.com.co\/en\/wp-json\/wp\/v2\/comments?post=730"}],"wp:featuredmedia":[{"embeddable":true,"href":"https:\/\/acerosmapa.com.co\/en\/wp-json\/wp\/v2\/media\/1427"}],"wp:attachment":[{"href":"https:\/\/acerosmapa.com.co\/en\/wp-json\/wp\/v2\/media?parent=730"}],"wp:term":[{"taxonomy":"product_cat","embeddable":true,"href":"https:\/\/acerosmapa.com.co\/en\/wp-json\/wp\/v2\/product_cat?post=730"},{"taxonomy":"product_tag","embeddable":true,"href":"https:\/\/acerosmapa.com.co\/en\/wp-json\/wp\/v2\/product_tag?post=730"}],"curies":[{"name":"wp","href":"https:\/\/api.w.org\/{rel}","templated":true}]}}