{"id":724,"date":"2024-07-10T11:47:10","date_gmt":"2024-07-10T16:47:10","guid":{"rendered":"https:\/\/iagencia.co\/ACEROS\/?post_type=product&#038;p=724"},"modified":"2024-10-09T16:49:10","modified_gmt":"2024-10-09T21:49:10","slug":"vigas-upn","status":"publish","type":"product","link":"https:\/\/acerosmapa.com.co\/en\/product\/vigas-upn\/","title":{"rendered":"UPN beams"},"content":{"rendered":"<p>UPN beams are essential structural components in construction, engineering and manufacturing due to their high strength, versatility and material efficiency.<\/p>\n<p>From large construction projects to industrial and infrastructure applications, these beams offer reliable and economical solutions for a wide variety of structural needs.<\/p>","protected":false},"excerpt":{"rendered":"<p>UPN beams are essential structural components in construction, engineering and manufacturing due to their high strength, versatility and material efficiency. From large construction projects to industrial and infrastructure applications, these beams offer reliable and cost-effective solutions for a wide variety of structural needs.<\/p>","protected":false},"featured_media":1411,"comment_status":"open","ping_status":"closed","template":"","meta":{"_acf_changed":false},"product_cat":[25],"product_tag":[],"class_list":{"0":"post-724","1":"product","2":"type-product","3":"status-publish","4":"has-post-thumbnail","6":"product_cat-perfiles-estructurales","8":"first","9":"instock","10":"shipping-taxable","11":"purchasable","12":"product-type-simple"},"acf":[],"yoast_head":"<!-- This site is optimized with the Yoast SEO Premium plugin v23.3 (Yoast SEO v23.3) - https:\/\/yoast.com\/wordpress\/plugins\/seo\/ -->\n<title>Vigas UPN - Aceros Mapa - Expertos en aceros<\/title>\n<meta name=\"robots\" content=\"index, follow, max-snippet:-1, max-image-preview:large, max-video-preview:-1\" \/>\n<link rel=\"canonical\" href=\"https:\/\/acerosmapa.com.co\/en\/product\/vigas-upn\/\" \/>\n<meta property=\"og:locale\" content=\"en_US\" \/>\n<meta property=\"og:type\" content=\"article\" \/>\n<meta property=\"og:title\" content=\"Vigas UPN\" \/>\n<meta property=\"og:description\" content=\"Las vigas UPN son componentes estructurales esenciales en la construcci\u00f3n, la ingenier\u00eda y la fabricaci\u00f3n debido a su alta resistencia, versatilidad y eficiencia en el uso del material. Desde grandes proyectos de construcci\u00f3n hasta aplicaciones industriales y de infraestructura, estas vigas ofrecen soluciones fiables y econ\u00f3micas para una amplia variedad de necesidades estructurales.\" \/>\n<meta property=\"og:url\" content=\"https:\/\/acerosmapa.com.co\/en\/product\/vigas-upn\/\" \/>\n<meta property=\"og:site_name\" content=\"Aceros Mapa - Expertos en aceros\" \/>\n<meta property=\"article:modified_time\" content=\"2024-10-09T21:49:10+00:00\" \/>\n<meta property=\"og:image\" content=\"https:\/\/acerosmapa.com.co\/wp-content\/uploads\/2024\/07\/VIGAS-3.jpg\" \/>\n\t<meta property=\"og:image:width\" content=\"1920\" \/>\n\t<meta property=\"og:image:height\" content=\"1080\" \/>\n\t<meta property=\"og:image:type\" content=\"image\/jpeg\" \/>\n<meta name=\"twitter:card\" content=\"summary_large_image\" \/>\n<meta name=\"twitter:label1\" content=\"Est. reading time\" \/>\n\t<meta name=\"twitter:data1\" content=\"1 minute\" \/>\n<script type=\"application\/ld+json\" class=\"yoast-schema-graph\">{\"@context\":\"https:\/\/schema.org\",\"@graph\":[{\"@type\":\"WebPage\",\"@id\":\"https:\/\/acerosmapa.com.co\/producto\/vigas-upn\/\",\"url\":\"https:\/\/acerosmapa.com.co\/producto\/vigas-upn\/\",\"name\":\"Vigas UPN - Aceros Mapa - Expertos en aceros\",\"isPartOf\":{\"@id\":\"https:\/\/acerosmapa.com.co\/#website\"},\"primaryImageOfPage\":{\"@id\":\"https:\/\/acerosmapa.com.co\/producto\/vigas-upn\/#primaryimage\"},\"image\":{\"@id\":\"https:\/\/acerosmapa.com.co\/producto\/vigas-upn\/#primaryimage\"},\"thumbnailUrl\":\"https:\/\/acerosmapa.com.co\/wp-content\/uploads\/2024\/07\/VIGAS-3.jpg\",\"datePublished\":\"2024-07-10T16:47:10+00:00\",\"dateModified\":\"2024-10-09T21:49:10+00:00\",\"breadcrumb\":{\"@id\":\"https:\/\/acerosmapa.com.co\/producto\/vigas-upn\/#breadcrumb\"},\"inLanguage\":\"en-US\",\"potentialAction\":[{\"@type\":\"ReadAction\",\"target\":[\"https:\/\/acerosmapa.com.co\/producto\/vigas-upn\/\"]}]},{\"@type\":\"ImageObject\",\"inLanguage\":\"en-US\",\"@id\":\"https:\/\/acerosmapa.com.co\/producto\/vigas-upn\/#primaryimage\",\"url\":\"https:\/\/acerosmapa.com.co\/wp-content\/uploads\/2024\/07\/VIGAS-3.jpg\",\"contentUrl\":\"https:\/\/acerosmapa.com.co\/wp-content\/uploads\/2024\/07\/VIGAS-3.jpg\",\"width\":1920,\"height\":1080},{\"@type\":\"BreadcrumbList\",\"@id\":\"https:\/\/acerosmapa.com.co\/producto\/vigas-upn\/#breadcrumb\",\"itemListElement\":[{\"@type\":\"ListItem\",\"position\":1,\"name\":\"Home\",\"item\":\"https:\/\/acerosmapa.com.co\/\"},{\"@type\":\"ListItem\",\"position\":2,\"name\":\"Tienda\",\"item\":\"https:\/\/acerosmapa.com.co\/tienda\/\"},{\"@type\":\"ListItem\",\"position\":3,\"name\":\"Vigas UPN\"}]},{\"@type\":\"WebSite\",\"@id\":\"https:\/\/acerosmapa.com.co\/#website\",\"url\":\"https:\/\/acerosmapa.com.co\/\",\"name\":\"Aceros Mapa - Expertos en aceros\",\"description\":\"Aceros Especiales, Laminas de Acero, Tuberias, Perfiles estructurales,corte de acero y mucho mas.\",\"publisher\":{\"@id\":\"https:\/\/acerosmapa.com.co\/#organization\"},\"potentialAction\":[{\"@type\":\"SearchAction\",\"target\":{\"@type\":\"EntryPoint\",\"urlTemplate\":\"https:\/\/acerosmapa.com.co\/?s={search_term_string}\"},\"query-input\":\"required name=search_term_string\"}],\"inLanguage\":\"en-US\"},{\"@type\":\"Organization\",\"@id\":\"https:\/\/acerosmapa.com.co\/#organization\",\"name\":\"Aceros Mapa - Expertos en aceros\",\"url\":\"https:\/\/acerosmapa.com.co\/\",\"logo\":{\"@type\":\"ImageObject\",\"inLanguage\":\"en-US\",\"@id\":\"https:\/\/acerosmapa.com.co\/#\/schema\/logo\/image\/\",\"url\":\"https:\/\/acerosmapa.com.co\/wp-content\/uploads\/2024\/05\/LOGO-ACEROS.png\",\"contentUrl\":\"https:\/\/acerosmapa.com.co\/wp-content\/uploads\/2024\/05\/LOGO-ACEROS.png\",\"width\":465,\"height\":148,\"caption\":\"Aceros Mapa - Expertos en aceros\"},\"image\":{\"@id\":\"https:\/\/acerosmapa.com.co\/#\/schema\/logo\/image\/\"}}]}<\/script>\n<!-- \/ Yoast SEO Premium plugin. -->","yoast_head_json":{"title":"Vigas UPN - Aceros Mapa - Expertos en aceros","robots":{"index":"index","follow":"follow","max-snippet":"max-snippet:-1","max-image-preview":"max-image-preview:large","max-video-preview":"max-video-preview:-1"},"canonical":"https:\/\/acerosmapa.com.co\/en\/product\/vigas-upn\/","og_locale":"en_US","og_type":"article","og_title":"Vigas UPN","og_description":"Las vigas UPN son componentes estructurales esenciales en la construcci\u00f3n, la ingenier\u00eda y la fabricaci\u00f3n debido a su alta resistencia, versatilidad y eficiencia en el uso del material. Desde grandes proyectos de construcci\u00f3n hasta aplicaciones industriales y de infraestructura, estas vigas ofrecen soluciones fiables y econ\u00f3micas para una amplia variedad de necesidades estructurales.","og_url":"https:\/\/acerosmapa.com.co\/en\/product\/vigas-upn\/","og_site_name":"Aceros Mapa - Expertos en aceros","article_modified_time":"2024-10-09T21:49:10+00:00","og_image":[{"width":1920,"height":1080,"url":"https:\/\/acerosmapa.com.co\/wp-content\/uploads\/2024\/07\/VIGAS-3.jpg","type":"image\/jpeg"}],"twitter_card":"summary_large_image","twitter_misc":{"Est. reading time":"1 minute"},"schema":{"@context":"https:\/\/schema.org","@graph":[{"@type":"WebPage","@id":"https:\/\/acerosmapa.com.co\/producto\/vigas-upn\/","url":"https:\/\/acerosmapa.com.co\/producto\/vigas-upn\/","name":"Vigas UPN - Aceros Mapa - Expertos en aceros","isPartOf":{"@id":"https:\/\/acerosmapa.com.co\/#website"},"primaryImageOfPage":{"@id":"https:\/\/acerosmapa.com.co\/producto\/vigas-upn\/#primaryimage"},"image":{"@id":"https:\/\/acerosmapa.com.co\/producto\/vigas-upn\/#primaryimage"},"thumbnailUrl":"https:\/\/acerosmapa.com.co\/wp-content\/uploads\/2024\/07\/VIGAS-3.jpg","datePublished":"2024-07-10T16:47:10+00:00","dateModified":"2024-10-09T21:49:10+00:00","breadcrumb":{"@id":"https:\/\/acerosmapa.com.co\/producto\/vigas-upn\/#breadcrumb"},"inLanguage":"en-US","potentialAction":[{"@type":"ReadAction","target":["https:\/\/acerosmapa.com.co\/producto\/vigas-upn\/"]}]},{"@type":"ImageObject","inLanguage":"en-US","@id":"https:\/\/acerosmapa.com.co\/producto\/vigas-upn\/#primaryimage","url":"https:\/\/acerosmapa.com.co\/wp-content\/uploads\/2024\/07\/VIGAS-3.jpg","contentUrl":"https:\/\/acerosmapa.com.co\/wp-content\/uploads\/2024\/07\/VIGAS-3.jpg","width":1920,"height":1080},{"@type":"BreadcrumbList","@id":"https:\/\/acerosmapa.com.co\/producto\/vigas-upn\/#breadcrumb","itemListElement":[{"@type":"ListItem","position":1,"name":"Home","item":"https:\/\/acerosmapa.com.co\/"},{"@type":"ListItem","position":2,"name":"Tienda","item":"https:\/\/acerosmapa.com.co\/tienda\/"},{"@type":"ListItem","position":3,"name":"Vigas UPN"}]},{"@type":"WebSite","@id":"https:\/\/acerosmapa.com.co\/#website","url":"https:\/\/acerosmapa.com.co\/","name":"Aceros Mapa - Expertos en aceros","description":"Aceros Especiales, Laminas de Acero, Tuberias, Perfiles estructurales,corte de acero y mucho mas.","publisher":{"@id":"https:\/\/acerosmapa.com.co\/#organization"},"potentialAction":[{"@type":"SearchAction","target":{"@type":"EntryPoint","urlTemplate":"https:\/\/acerosmapa.com.co\/?s={search_term_string}"},"query-input":"required name=search_term_string"}],"inLanguage":"en-US"},{"@type":"Organization","@id":"https:\/\/acerosmapa.com.co\/#organization","name":"Aceros Mapa - Expertos en aceros","url":"https:\/\/acerosmapa.com.co\/","logo":{"@type":"ImageObject","inLanguage":"en-US","@id":"https:\/\/acerosmapa.com.co\/#\/schema\/logo\/image\/","url":"https:\/\/acerosmapa.com.co\/wp-content\/uploads\/2024\/05\/LOGO-ACEROS.png","contentUrl":"https:\/\/acerosmapa.com.co\/wp-content\/uploads\/2024\/05\/LOGO-ACEROS.png","width":465,"height":148,"caption":"Aceros Mapa - Expertos en aceros"},"image":{"@id":"https:\/\/acerosmapa.com.co\/#\/schema\/logo\/image\/"}}]}},"_links":{"self":[{"href":"https:\/\/acerosmapa.com.co\/en\/wp-json\/wp\/v2\/product\/724"}],"collection":[{"href":"https:\/\/acerosmapa.com.co\/en\/wp-json\/wp\/v2\/product"}],"about":[{"href":"https:\/\/acerosmapa.com.co\/en\/wp-json\/wp\/v2\/types\/product"}],"replies":[{"embeddable":true,"href":"https:\/\/acerosmapa.com.co\/en\/wp-json\/wp\/v2\/comments?post=724"}],"wp:featuredmedia":[{"embeddable":true,"href":"https:\/\/acerosmapa.com.co\/en\/wp-json\/wp\/v2\/media\/1411"}],"wp:attachment":[{"href":"https:\/\/acerosmapa.com.co\/en\/wp-json\/wp\/v2\/media?parent=724"}],"wp:term":[{"taxonomy":"product_cat","embeddable":true,"href":"https:\/\/acerosmapa.com.co\/en\/wp-json\/wp\/v2\/product_cat?post=724"},{"taxonomy":"product_tag","embeddable":true,"href":"https:\/\/acerosmapa.com.co\/en\/wp-json\/wp\/v2\/product_tag?post=724"}],"curies":[{"name":"wp","href":"https:\/\/api.w.org\/{rel}","templated":true}]}}