{"id":465,"date":"2024-07-09T12:57:13","date_gmt":"2024-07-09T17:57:13","guid":{"rendered":"https:\/\/iagencia.co\/ACEROS\/?post_type=product&#038;p=465"},"modified":"2024-10-10T16:02:41","modified_gmt":"2024-10-10T21:02:41","slug":"lamina-cr","status":"publish","type":"product","link":"https:\/\/acerosmapa.com.co\/en\/product\/lamina-cr\/","title":{"rendered":"CR film"},"content":{"rendered":"<p>Cold Rolled sheet is a type of steel that has been processed at low temperatures after being hot rolled. This process improves its mechanical properties, giving it a smoother surface, a more precise finish and greater strength.<\/p>\n<p>Due to these characteristics, cold rolled sheet has a wide range of applications in various industries such as car bodies, covers, metallic furniture, electronics, packaging, etc.<br \/>\nmetallic, pipes, machinery, automotive, among others.<\/p>","protected":false},"excerpt":{"rendered":"<p>La l\u00e1mina Cold Rolled (laminada en fr\u00edo) es un tipo de acero que ha sido procesado a bajas temperaturas despu\u00e9s de ser laminado en caliente. Este proceso mejora sus propiedades mec\u00e1nicas, lo que le otorga una superficie m\u00e1s lisa, un acabado m\u00e1s preciso y una mayor resistencia. Debido a estas caracter\u00edsticas, la l\u00e1mina cold rolled [&hellip;]<\/p>","protected":false},"featured_media":1341,"comment_status":"open","ping_status":"closed","template":"","meta":{"_acf_changed":false},"product_cat":[24],"product_tag":[29],"class_list":{"0":"post-465","1":"product","2":"type-product","3":"status-publish","4":"has-post-thumbnail","6":"product_cat-laminas-de-acero","7":"product_tag-fav","9":"first","10":"instock","11":"shipping-taxable","12":"purchasable","13":"product-type-simple"},"acf":[],"yoast_head":"<!-- This site is optimized with the Yoast SEO Premium plugin v23.3 (Yoast SEO v23.3) - https:\/\/yoast.com\/wordpress\/plugins\/seo\/ -->\n<title>L\u00e1mina CR - Aceros Mapa - Expertos en aceros<\/title>\n<meta name=\"robots\" content=\"index, follow, max-snippet:-1, max-image-preview:large, max-video-preview:-1\" \/>\n<link rel=\"canonical\" href=\"https:\/\/acerosmapa.com.co\/en\/product\/lamina-cr\/\" \/>\n<meta property=\"og:locale\" content=\"en_US\" \/>\n<meta property=\"og:type\" content=\"article\" \/>\n<meta property=\"og:title\" content=\"L\u00e1mina CR\" \/>\n<meta property=\"og:description\" content=\"La l\u00e1mina Cold Rolled (laminada en fr\u00edo) es un tipo de acero que ha sido procesado a bajas temperaturas despu\u00e9s de ser laminado en caliente. Este proceso mejora sus propiedades mec\u00e1nicas, lo que le otorga una superficie m\u00e1s lisa, un acabado m\u00e1s preciso y una mayor resistencia. Debido a estas caracter\u00edsticas, la l\u00e1mina cold rolled [&hellip;]\" \/>\n<meta property=\"og:url\" content=\"https:\/\/acerosmapa.com.co\/en\/product\/lamina-cr\/\" \/>\n<meta property=\"og:site_name\" content=\"Aceros Mapa - Expertos en aceros\" \/>\n<meta property=\"article:modified_time\" content=\"2024-10-10T21:02:41+00:00\" \/>\n<meta property=\"og:image\" content=\"https:\/\/acerosmapa.com.co\/wp-content\/uploads\/2024\/10\/LAMINA-COLD-ROLLED-scaled.jpg\" \/>\n\t<meta property=\"og:image:width\" content=\"2560\" \/>\n\t<meta property=\"og:image:height\" content=\"1440\" \/>\n\t<meta property=\"og:image:type\" content=\"image\/jpeg\" \/>\n<meta name=\"twitter:card\" content=\"summary_large_image\" \/>\n<meta name=\"twitter:label1\" content=\"Est. reading time\" \/>\n\t<meta name=\"twitter:data1\" content=\"1 minute\" \/>\n<script type=\"application\/ld+json\" class=\"yoast-schema-graph\">{\"@context\":\"https:\/\/schema.org\",\"@graph\":[{\"@type\":\"WebPage\",\"@id\":\"https:\/\/acerosmapa.com.co\/producto\/lamina-cr\/\",\"url\":\"https:\/\/acerosmapa.com.co\/producto\/lamina-cr\/\",\"name\":\"L\u00e1mina CR - Aceros Mapa - Expertos en aceros\",\"isPartOf\":{\"@id\":\"https:\/\/acerosmapa.com.co\/#website\"},\"primaryImageOfPage\":{\"@id\":\"https:\/\/acerosmapa.com.co\/producto\/lamina-cr\/#primaryimage\"},\"image\":{\"@id\":\"https:\/\/acerosmapa.com.co\/producto\/lamina-cr\/#primaryimage\"},\"thumbnailUrl\":\"https:\/\/acerosmapa.com.co\/wp-content\/uploads\/2024\/10\/LAMINA-COLD-ROLLED-scaled.jpg\",\"datePublished\":\"2024-07-09T17:57:13+00:00\",\"dateModified\":\"2024-10-10T21:02:41+00:00\",\"breadcrumb\":{\"@id\":\"https:\/\/acerosmapa.com.co\/producto\/lamina-cr\/#breadcrumb\"},\"inLanguage\":\"en-US\",\"potentialAction\":[{\"@type\":\"ReadAction\",\"target\":[\"https:\/\/acerosmapa.com.co\/producto\/lamina-cr\/\"]}]},{\"@type\":\"ImageObject\",\"inLanguage\":\"en-US\",\"@id\":\"https:\/\/acerosmapa.com.co\/producto\/lamina-cr\/#primaryimage\",\"url\":\"https:\/\/acerosmapa.com.co\/wp-content\/uploads\/2024\/10\/LAMINA-COLD-ROLLED-scaled.jpg\",\"contentUrl\":\"https:\/\/acerosmapa.com.co\/wp-content\/uploads\/2024\/10\/LAMINA-COLD-ROLLED-scaled.jpg\",\"width\":2560,\"height\":1440},{\"@type\":\"BreadcrumbList\",\"@id\":\"https:\/\/acerosmapa.com.co\/producto\/lamina-cr\/#breadcrumb\",\"itemListElement\":[{\"@type\":\"ListItem\",\"position\":1,\"name\":\"Home\",\"item\":\"https:\/\/acerosmapa.com.co\/\"},{\"@type\":\"ListItem\",\"position\":2,\"name\":\"Tienda\",\"item\":\"https:\/\/acerosmapa.com.co\/tienda\/\"},{\"@type\":\"ListItem\",\"position\":3,\"name\":\"L\u00e1mina CR\"}]},{\"@type\":\"WebSite\",\"@id\":\"https:\/\/acerosmapa.com.co\/#website\",\"url\":\"https:\/\/acerosmapa.com.co\/\",\"name\":\"Aceros Mapa - Expertos en aceros\",\"description\":\"Aceros Especiales, Laminas de Acero, Tuberias, Perfiles estructurales,corte de acero y mucho mas.\",\"publisher\":{\"@id\":\"https:\/\/acerosmapa.com.co\/#organization\"},\"potentialAction\":[{\"@type\":\"SearchAction\",\"target\":{\"@type\":\"EntryPoint\",\"urlTemplate\":\"https:\/\/acerosmapa.com.co\/?s={search_term_string}\"},\"query-input\":\"required name=search_term_string\"}],\"inLanguage\":\"en-US\"},{\"@type\":\"Organization\",\"@id\":\"https:\/\/acerosmapa.com.co\/#organization\",\"name\":\"Aceros Mapa - Expertos en aceros\",\"url\":\"https:\/\/acerosmapa.com.co\/\",\"logo\":{\"@type\":\"ImageObject\",\"inLanguage\":\"en-US\",\"@id\":\"https:\/\/acerosmapa.com.co\/#\/schema\/logo\/image\/\",\"url\":\"https:\/\/acerosmapa.com.co\/wp-content\/uploads\/2024\/05\/LOGO-ACEROS.png\",\"contentUrl\":\"https:\/\/acerosmapa.com.co\/wp-content\/uploads\/2024\/05\/LOGO-ACEROS.png\",\"width\":465,\"height\":148,\"caption\":\"Aceros Mapa - Expertos en aceros\"},\"image\":{\"@id\":\"https:\/\/acerosmapa.com.co\/#\/schema\/logo\/image\/\"}}]}<\/script>\n<!-- \/ Yoast SEO Premium plugin. -->","yoast_head_json":{"title":"L\u00e1mina CR - Aceros Mapa - Expertos en aceros","robots":{"index":"index","follow":"follow","max-snippet":"max-snippet:-1","max-image-preview":"max-image-preview:large","max-video-preview":"max-video-preview:-1"},"canonical":"https:\/\/acerosmapa.com.co\/en\/product\/lamina-cr\/","og_locale":"en_US","og_type":"article","og_title":"L\u00e1mina CR","og_description":"La l\u00e1mina Cold Rolled (laminada en fr\u00edo) es un tipo de acero que ha sido procesado a bajas temperaturas despu\u00e9s de ser laminado en caliente. Este proceso mejora sus propiedades mec\u00e1nicas, lo que le otorga una superficie m\u00e1s lisa, un acabado m\u00e1s preciso y una mayor resistencia. Debido a estas caracter\u00edsticas, la l\u00e1mina cold rolled [&hellip;]","og_url":"https:\/\/acerosmapa.com.co\/en\/product\/lamina-cr\/","og_site_name":"Aceros Mapa - Expertos en aceros","article_modified_time":"2024-10-10T21:02:41+00:00","og_image":[{"width":2560,"height":1440,"url":"https:\/\/acerosmapa.com.co\/wp-content\/uploads\/2024\/10\/LAMINA-COLD-ROLLED-scaled.jpg","type":"image\/jpeg"}],"twitter_card":"summary_large_image","twitter_misc":{"Est. reading time":"1 minute"},"schema":{"@context":"https:\/\/schema.org","@graph":[{"@type":"WebPage","@id":"https:\/\/acerosmapa.com.co\/producto\/lamina-cr\/","url":"https:\/\/acerosmapa.com.co\/producto\/lamina-cr\/","name":"L\u00e1mina CR - Aceros Mapa - Expertos en aceros","isPartOf":{"@id":"https:\/\/acerosmapa.com.co\/#website"},"primaryImageOfPage":{"@id":"https:\/\/acerosmapa.com.co\/producto\/lamina-cr\/#primaryimage"},"image":{"@id":"https:\/\/acerosmapa.com.co\/producto\/lamina-cr\/#primaryimage"},"thumbnailUrl":"https:\/\/acerosmapa.com.co\/wp-content\/uploads\/2024\/10\/LAMINA-COLD-ROLLED-scaled.jpg","datePublished":"2024-07-09T17:57:13+00:00","dateModified":"2024-10-10T21:02:41+00:00","breadcrumb":{"@id":"https:\/\/acerosmapa.com.co\/producto\/lamina-cr\/#breadcrumb"},"inLanguage":"en-US","potentialAction":[{"@type":"ReadAction","target":["https:\/\/acerosmapa.com.co\/producto\/lamina-cr\/"]}]},{"@type":"ImageObject","inLanguage":"en-US","@id":"https:\/\/acerosmapa.com.co\/producto\/lamina-cr\/#primaryimage","url":"https:\/\/acerosmapa.com.co\/wp-content\/uploads\/2024\/10\/LAMINA-COLD-ROLLED-scaled.jpg","contentUrl":"https:\/\/acerosmapa.com.co\/wp-content\/uploads\/2024\/10\/LAMINA-COLD-ROLLED-scaled.jpg","width":2560,"height":1440},{"@type":"BreadcrumbList","@id":"https:\/\/acerosmapa.com.co\/producto\/lamina-cr\/#breadcrumb","itemListElement":[{"@type":"ListItem","position":1,"name":"Home","item":"https:\/\/acerosmapa.com.co\/"},{"@type":"ListItem","position":2,"name":"Tienda","item":"https:\/\/acerosmapa.com.co\/tienda\/"},{"@type":"ListItem","position":3,"name":"L\u00e1mina CR"}]},{"@type":"WebSite","@id":"https:\/\/acerosmapa.com.co\/#website","url":"https:\/\/acerosmapa.com.co\/","name":"Aceros Mapa - Expertos en aceros","description":"Aceros Especiales, Laminas de Acero, Tuberias, Perfiles estructurales,corte de acero y mucho mas.","publisher":{"@id":"https:\/\/acerosmapa.com.co\/#organization"},"potentialAction":[{"@type":"SearchAction","target":{"@type":"EntryPoint","urlTemplate":"https:\/\/acerosmapa.com.co\/?s={search_term_string}"},"query-input":"required name=search_term_string"}],"inLanguage":"en-US"},{"@type":"Organization","@id":"https:\/\/acerosmapa.com.co\/#organization","name":"Aceros Mapa - Expertos en aceros","url":"https:\/\/acerosmapa.com.co\/","logo":{"@type":"ImageObject","inLanguage":"en-US","@id":"https:\/\/acerosmapa.com.co\/#\/schema\/logo\/image\/","url":"https:\/\/acerosmapa.com.co\/wp-content\/uploads\/2024\/05\/LOGO-ACEROS.png","contentUrl":"https:\/\/acerosmapa.com.co\/wp-content\/uploads\/2024\/05\/LOGO-ACEROS.png","width":465,"height":148,"caption":"Aceros Mapa - Expertos en aceros"},"image":{"@id":"https:\/\/acerosmapa.com.co\/#\/schema\/logo\/image\/"}}]}},"_links":{"self":[{"href":"https:\/\/acerosmapa.com.co\/en\/wp-json\/wp\/v2\/product\/465"}],"collection":[{"href":"https:\/\/acerosmapa.com.co\/en\/wp-json\/wp\/v2\/product"}],"about":[{"href":"https:\/\/acerosmapa.com.co\/en\/wp-json\/wp\/v2\/types\/product"}],"replies":[{"embeddable":true,"href":"https:\/\/acerosmapa.com.co\/en\/wp-json\/wp\/v2\/comments?post=465"}],"wp:featuredmedia":[{"embeddable":true,"href":"https:\/\/acerosmapa.com.co\/en\/wp-json\/wp\/v2\/media\/1341"}],"wp:attachment":[{"href":"https:\/\/acerosmapa.com.co\/en\/wp-json\/wp\/v2\/media?parent=465"}],"wp:term":[{"taxonomy":"product_cat","embeddable":true,"href":"https:\/\/acerosmapa.com.co\/en\/wp-json\/wp\/v2\/product_cat?post=465"},{"taxonomy":"product_tag","embeddable":true,"href":"https:\/\/acerosmapa.com.co\/en\/wp-json\/wp\/v2\/product_tag?post=465"}],"curies":[{"name":"wp","href":"https:\/\/api.w.org\/{rel}","templated":true}]}}