{"id":463,"date":"2024-07-09T12:55:56","date_gmt":"2024-07-09T17:55:56","guid":{"rendered":"https:\/\/iagencia.co\/ACEROS\/?post_type=product&#038;p=463"},"modified":"2024-10-09T16:00:56","modified_gmt":"2024-10-09T21:00:56","slug":"barra-perforada-sae-1518","status":"publish","type":"product","link":"https:\/\/acerosmapa.com.co\/en\/product\/barra-perforada-sae-1518\/","title":{"rendered":"SAE 1518 Perforated Bar"},"content":{"rendered":"<p>Carbon steel that presents good characteristics for carburizing, is easy to machine and presents adequate weldability due to its chemical composition.<br \/>\nApplications: pinions, bushings, bolts, spacers, rollers of various types. Generally used for parts with internal bores, with great application in the automotive sector and industry.<\/p>","protected":false},"excerpt":{"rendered":"<p>Carbon steel with good characteristics for carburizing, easy machining and good weldability due to its chemical composition. Applications: pinions, bushings, bolts, spacers, rollers of various types. In general, it is used for parts with internal perforations, with great application in the automotive sector and industry.<\/p>","protected":false},"featured_media":1401,"comment_status":"open","ping_status":"closed","template":"","meta":{"_acf_changed":false},"product_cat":[23],"product_tag":[],"class_list":{"0":"post-463","1":"product","2":"type-product","3":"status-publish","4":"has-post-thumbnail","6":"product_cat-aceros-especiales","8":"first","9":"instock","10":"shipping-taxable","11":"purchasable","12":"product-type-simple"},"acf":[],"yoast_head":"<!-- This site is optimized with the Yoast SEO Premium plugin v23.3 (Yoast SEO v23.3) - https:\/\/yoast.com\/wordpress\/plugins\/seo\/ -->\n<title>Barra Perforada SAE 1518 - Aceros Mapa - Expertos en aceros<\/title>\n<meta name=\"robots\" content=\"index, follow, max-snippet:-1, max-image-preview:large, max-video-preview:-1\" \/>\n<link rel=\"canonical\" href=\"https:\/\/acerosmapa.com.co\/en\/product\/barra-perforada-sae-1518\/\" \/>\n<meta property=\"og:locale\" content=\"en_US\" \/>\n<meta property=\"og:type\" content=\"article\" \/>\n<meta property=\"og:title\" content=\"Barra Perforada SAE 1518\" \/>\n<meta property=\"og:description\" content=\"Acero al carbono que presenta buenas caracter\u00edsticas para cementaci\u00f3n, es de f\u00e1cil maquinado y presenta adecuada soldabilidad debido a su composici\u00f3n qu\u00edmica. Aplicaciones: pi\u00f1ones, casquillos, bulones, espaciadores, rodillos de diversos tipos. En general se utiliza para piezas con perforaciones interiores, con gran aplicaci\u00f3n en el sector automotriz y la industria.\" \/>\n<meta property=\"og:url\" content=\"https:\/\/acerosmapa.com.co\/en\/product\/barra-perforada-sae-1518\/\" \/>\n<meta property=\"og:site_name\" content=\"Aceros Mapa - Expertos en aceros\" \/>\n<meta property=\"article:modified_time\" content=\"2024-10-09T21:00:56+00:00\" \/>\n<meta property=\"og:image\" content=\"https:\/\/acerosmapa.com.co\/wp-content\/uploads\/2024\/07\/BARRAS-PERFORADAS.jpg\" \/>\n\t<meta property=\"og:image:width\" content=\"1920\" \/>\n\t<meta property=\"og:image:height\" content=\"1080\" \/>\n\t<meta property=\"og:image:type\" content=\"image\/jpeg\" \/>\n<meta name=\"twitter:card\" content=\"summary_large_image\" \/>\n<meta name=\"twitter:label1\" content=\"Est. reading time\" \/>\n\t<meta name=\"twitter:data1\" content=\"1 minute\" \/>\n<script type=\"application\/ld+json\" class=\"yoast-schema-graph\">{\"@context\":\"https:\/\/schema.org\",\"@graph\":[{\"@type\":\"WebPage\",\"@id\":\"https:\/\/acerosmapa.com.co\/producto\/barra-perforada-sae-1518\/\",\"url\":\"https:\/\/acerosmapa.com.co\/producto\/barra-perforada-sae-1518\/\",\"name\":\"Barra Perforada SAE 1518 - Aceros Mapa - Expertos en aceros\",\"isPartOf\":{\"@id\":\"https:\/\/acerosmapa.com.co\/#website\"},\"primaryImageOfPage\":{\"@id\":\"https:\/\/acerosmapa.com.co\/producto\/barra-perforada-sae-1518\/#primaryimage\"},\"image\":{\"@id\":\"https:\/\/acerosmapa.com.co\/producto\/barra-perforada-sae-1518\/#primaryimage\"},\"thumbnailUrl\":\"https:\/\/acerosmapa.com.co\/wp-content\/uploads\/2024\/07\/BARRAS-PERFORADAS.jpg\",\"datePublished\":\"2024-07-09T17:55:56+00:00\",\"dateModified\":\"2024-10-09T21:00:56+00:00\",\"breadcrumb\":{\"@id\":\"https:\/\/acerosmapa.com.co\/producto\/barra-perforada-sae-1518\/#breadcrumb\"},\"inLanguage\":\"en-US\",\"potentialAction\":[{\"@type\":\"ReadAction\",\"target\":[\"https:\/\/acerosmapa.com.co\/producto\/barra-perforada-sae-1518\/\"]}]},{\"@type\":\"ImageObject\",\"inLanguage\":\"en-US\",\"@id\":\"https:\/\/acerosmapa.com.co\/producto\/barra-perforada-sae-1518\/#primaryimage\",\"url\":\"https:\/\/acerosmapa.com.co\/wp-content\/uploads\/2024\/07\/BARRAS-PERFORADAS.jpg\",\"contentUrl\":\"https:\/\/acerosmapa.com.co\/wp-content\/uploads\/2024\/07\/BARRAS-PERFORADAS.jpg\",\"width\":1920,\"height\":1080},{\"@type\":\"BreadcrumbList\",\"@id\":\"https:\/\/acerosmapa.com.co\/producto\/barra-perforada-sae-1518\/#breadcrumb\",\"itemListElement\":[{\"@type\":\"ListItem\",\"position\":1,\"name\":\"Home\",\"item\":\"https:\/\/acerosmapa.com.co\/\"},{\"@type\":\"ListItem\",\"position\":2,\"name\":\"Tienda\",\"item\":\"https:\/\/acerosmapa.com.co\/tienda\/\"},{\"@type\":\"ListItem\",\"position\":3,\"name\":\"Barra Perforada SAE 1518\"}]},{\"@type\":\"WebSite\",\"@id\":\"https:\/\/acerosmapa.com.co\/#website\",\"url\":\"https:\/\/acerosmapa.com.co\/\",\"name\":\"Aceros Mapa - Expertos en aceros\",\"description\":\"Aceros Especiales, Laminas de Acero, Tuberias, Perfiles estructurales,corte de acero y mucho mas.\",\"publisher\":{\"@id\":\"https:\/\/acerosmapa.com.co\/#organization\"},\"potentialAction\":[{\"@type\":\"SearchAction\",\"target\":{\"@type\":\"EntryPoint\",\"urlTemplate\":\"https:\/\/acerosmapa.com.co\/?s={search_term_string}\"},\"query-input\":\"required name=search_term_string\"}],\"inLanguage\":\"en-US\"},{\"@type\":\"Organization\",\"@id\":\"https:\/\/acerosmapa.com.co\/#organization\",\"name\":\"Aceros Mapa - Expertos en aceros\",\"url\":\"https:\/\/acerosmapa.com.co\/\",\"logo\":{\"@type\":\"ImageObject\",\"inLanguage\":\"en-US\",\"@id\":\"https:\/\/acerosmapa.com.co\/#\/schema\/logo\/image\/\",\"url\":\"https:\/\/acerosmapa.com.co\/wp-content\/uploads\/2024\/05\/LOGO-ACEROS.png\",\"contentUrl\":\"https:\/\/acerosmapa.com.co\/wp-content\/uploads\/2024\/05\/LOGO-ACEROS.png\",\"width\":465,\"height\":148,\"caption\":\"Aceros Mapa - Expertos en aceros\"},\"image\":{\"@id\":\"https:\/\/acerosmapa.com.co\/#\/schema\/logo\/image\/\"}}]}<\/script>\n<!-- \/ Yoast SEO Premium plugin. -->","yoast_head_json":{"title":"Barra Perforada SAE 1518 - Aceros Mapa - Expertos en aceros","robots":{"index":"index","follow":"follow","max-snippet":"max-snippet:-1","max-image-preview":"max-image-preview:large","max-video-preview":"max-video-preview:-1"},"canonical":"https:\/\/acerosmapa.com.co\/en\/product\/barra-perforada-sae-1518\/","og_locale":"en_US","og_type":"article","og_title":"Barra Perforada SAE 1518","og_description":"Acero al carbono que presenta buenas caracter\u00edsticas para cementaci\u00f3n, es de f\u00e1cil maquinado y presenta adecuada soldabilidad debido a su composici\u00f3n qu\u00edmica. Aplicaciones: pi\u00f1ones, casquillos, bulones, espaciadores, rodillos de diversos tipos. En general se utiliza para piezas con perforaciones interiores, con gran aplicaci\u00f3n en el sector automotriz y la industria.","og_url":"https:\/\/acerosmapa.com.co\/en\/product\/barra-perforada-sae-1518\/","og_site_name":"Aceros Mapa - Expertos en aceros","article_modified_time":"2024-10-09T21:00:56+00:00","og_image":[{"width":1920,"height":1080,"url":"https:\/\/acerosmapa.com.co\/wp-content\/uploads\/2024\/07\/BARRAS-PERFORADAS.jpg","type":"image\/jpeg"}],"twitter_card":"summary_large_image","twitter_misc":{"Est. reading time":"1 minute"},"schema":{"@context":"https:\/\/schema.org","@graph":[{"@type":"WebPage","@id":"https:\/\/acerosmapa.com.co\/producto\/barra-perforada-sae-1518\/","url":"https:\/\/acerosmapa.com.co\/producto\/barra-perforada-sae-1518\/","name":"Barra Perforada SAE 1518 - Aceros Mapa - Expertos en aceros","isPartOf":{"@id":"https:\/\/acerosmapa.com.co\/#website"},"primaryImageOfPage":{"@id":"https:\/\/acerosmapa.com.co\/producto\/barra-perforada-sae-1518\/#primaryimage"},"image":{"@id":"https:\/\/acerosmapa.com.co\/producto\/barra-perforada-sae-1518\/#primaryimage"},"thumbnailUrl":"https:\/\/acerosmapa.com.co\/wp-content\/uploads\/2024\/07\/BARRAS-PERFORADAS.jpg","datePublished":"2024-07-09T17:55:56+00:00","dateModified":"2024-10-09T21:00:56+00:00","breadcrumb":{"@id":"https:\/\/acerosmapa.com.co\/producto\/barra-perforada-sae-1518\/#breadcrumb"},"inLanguage":"en-US","potentialAction":[{"@type":"ReadAction","target":["https:\/\/acerosmapa.com.co\/producto\/barra-perforada-sae-1518\/"]}]},{"@type":"ImageObject","inLanguage":"en-US","@id":"https:\/\/acerosmapa.com.co\/producto\/barra-perforada-sae-1518\/#primaryimage","url":"https:\/\/acerosmapa.com.co\/wp-content\/uploads\/2024\/07\/BARRAS-PERFORADAS.jpg","contentUrl":"https:\/\/acerosmapa.com.co\/wp-content\/uploads\/2024\/07\/BARRAS-PERFORADAS.jpg","width":1920,"height":1080},{"@type":"BreadcrumbList","@id":"https:\/\/acerosmapa.com.co\/producto\/barra-perforada-sae-1518\/#breadcrumb","itemListElement":[{"@type":"ListItem","position":1,"name":"Home","item":"https:\/\/acerosmapa.com.co\/"},{"@type":"ListItem","position":2,"name":"Tienda","item":"https:\/\/acerosmapa.com.co\/tienda\/"},{"@type":"ListItem","position":3,"name":"Barra Perforada SAE 1518"}]},{"@type":"WebSite","@id":"https:\/\/acerosmapa.com.co\/#website","url":"https:\/\/acerosmapa.com.co\/","name":"Aceros Mapa - Expertos en aceros","description":"Aceros Especiales, Laminas de Acero, Tuberias, Perfiles estructurales,corte de acero y mucho mas.","publisher":{"@id":"https:\/\/acerosmapa.com.co\/#organization"},"potentialAction":[{"@type":"SearchAction","target":{"@type":"EntryPoint","urlTemplate":"https:\/\/acerosmapa.com.co\/?s={search_term_string}"},"query-input":"required name=search_term_string"}],"inLanguage":"en-US"},{"@type":"Organization","@id":"https:\/\/acerosmapa.com.co\/#organization","name":"Aceros Mapa - Expertos en aceros","url":"https:\/\/acerosmapa.com.co\/","logo":{"@type":"ImageObject","inLanguage":"en-US","@id":"https:\/\/acerosmapa.com.co\/#\/schema\/logo\/image\/","url":"https:\/\/acerosmapa.com.co\/wp-content\/uploads\/2024\/05\/LOGO-ACEROS.png","contentUrl":"https:\/\/acerosmapa.com.co\/wp-content\/uploads\/2024\/05\/LOGO-ACEROS.png","width":465,"height":148,"caption":"Aceros Mapa - Expertos en aceros"},"image":{"@id":"https:\/\/acerosmapa.com.co\/#\/schema\/logo\/image\/"}}]}},"_links":{"self":[{"href":"https:\/\/acerosmapa.com.co\/en\/wp-json\/wp\/v2\/product\/463"}],"collection":[{"href":"https:\/\/acerosmapa.com.co\/en\/wp-json\/wp\/v2\/product"}],"about":[{"href":"https:\/\/acerosmapa.com.co\/en\/wp-json\/wp\/v2\/types\/product"}],"replies":[{"embeddable":true,"href":"https:\/\/acerosmapa.com.co\/en\/wp-json\/wp\/v2\/comments?post=463"}],"wp:featuredmedia":[{"embeddable":true,"href":"https:\/\/acerosmapa.com.co\/en\/wp-json\/wp\/v2\/media\/1401"}],"wp:attachment":[{"href":"https:\/\/acerosmapa.com.co\/en\/wp-json\/wp\/v2\/media?parent=463"}],"wp:term":[{"taxonomy":"product_cat","embeddable":true,"href":"https:\/\/acerosmapa.com.co\/en\/wp-json\/wp\/v2\/product_cat?post=463"},{"taxonomy":"product_tag","embeddable":true,"href":"https:\/\/acerosmapa.com.co\/en\/wp-json\/wp\/v2\/product_tag?post=463"}],"curies":[{"name":"wp","href":"https:\/\/api.w.org\/{rel}","templated":true}]}}