{"id":456,"date":"2024-07-09T12:50:17","date_gmt":"2024-07-09T17:50:17","guid":{"rendered":"https:\/\/iagencia.co\/ACEROS\/?post_type=product&#038;p=456"},"modified":"2024-10-09T15:06:04","modified_gmt":"2024-10-09T20:06:04","slug":"acero-1020","status":"publish","type":"product","link":"https:\/\/acerosmapa.com.co\/en\/product\/acero-1020\/","title":{"rendered":"Steel 1020"},"content":{"rendered":"<p>SAE 1020 is a low carbon steel, which can be used in supply state, and due to its conditions, it has the capacity to be used in the following conditions<br \/>\nhardened, case hardened and coated with different special heat treatments such as nitriding, chrome plating, teniferous plating etc.<br \/>\nApplication: shafts, grade 2 fasteners, chain links.<\/p>","protected":false},"excerpt":{"rendered":"<p>SAE 1020 is a low carbon steel, which can be used in supply state, and due to its conditions, it has the capacity to be tempered, case hardened and coated with different special heat treatments such as Nitriding, Chromium plating, Teniferous, etc. Application: shafts, grade 2 bolts, chain links.<\/p>","protected":false},"featured_media":1391,"comment_status":"open","ping_status":"closed","template":"","meta":{"_acf_changed":false},"product_cat":[23],"product_tag":[],"class_list":{"0":"post-456","1":"product","2":"type-product","3":"status-publish","4":"has-post-thumbnail","6":"product_cat-aceros-especiales","8":"first","9":"instock","10":"shipping-taxable","11":"purchasable","12":"product-type-simple"},"acf":[],"yoast_head":"<!-- This site is optimized with the Yoast SEO Premium plugin v23.3 (Yoast SEO v23.3) - https:\/\/yoast.com\/wordpress\/plugins\/seo\/ -->\n<title>Acero 1020 - Aceros Mapa - Expertos en aceros<\/title>\n<meta name=\"robots\" content=\"index, follow, max-snippet:-1, max-image-preview:large, max-video-preview:-1\" \/>\n<link rel=\"canonical\" href=\"https:\/\/acerosmapa.com.co\/en\/product\/acero-1020\/\" \/>\n<meta property=\"og:locale\" content=\"en_US\" \/>\n<meta property=\"og:type\" content=\"article\" \/>\n<meta property=\"og:title\" content=\"Acero 1020\" \/>\n<meta property=\"og:description\" content=\"SAE 1020 es un Acero de bajo carbono, que puede utilizarse en estado de suministro, y por sus condiciones, tiene la capacidad de ser templado, cementado y revestido con los diferentes tratamientos t\u00e9rmicos especiales como Nitruraci\u00f3n, Cromado, Teniferado etc. Aplicaci\u00f3n: ejes, torniller\u00eda grado 2, eslabones para cadena.\" \/>\n<meta property=\"og:url\" content=\"https:\/\/acerosmapa.com.co\/en\/product\/acero-1020\/\" \/>\n<meta property=\"og:site_name\" content=\"Aceros Mapa - Expertos en aceros\" \/>\n<meta property=\"article:modified_time\" content=\"2024-10-09T20:06:04+00:00\" \/>\n<meta property=\"og:image\" content=\"https:\/\/acerosmapa.com.co\/wp-content\/uploads\/2024\/07\/ACERO-1020.jpg\" \/>\n\t<meta property=\"og:image:width\" content=\"1920\" \/>\n\t<meta property=\"og:image:height\" content=\"1080\" \/>\n\t<meta property=\"og:image:type\" content=\"image\/jpeg\" \/>\n<meta name=\"twitter:card\" content=\"summary_large_image\" \/>\n<meta name=\"twitter:label1\" content=\"Est. reading time\" \/>\n\t<meta name=\"twitter:data1\" content=\"1 minute\" \/>\n<script type=\"application\/ld+json\" class=\"yoast-schema-graph\">{\"@context\":\"https:\/\/schema.org\",\"@graph\":[{\"@type\":\"WebPage\",\"@id\":\"https:\/\/acerosmapa.com.co\/producto\/acero-1020\/\",\"url\":\"https:\/\/acerosmapa.com.co\/producto\/acero-1020\/\",\"name\":\"Acero 1020 - Aceros Mapa - Expertos en aceros\",\"isPartOf\":{\"@id\":\"https:\/\/acerosmapa.com.co\/#website\"},\"primaryImageOfPage\":{\"@id\":\"https:\/\/acerosmapa.com.co\/producto\/acero-1020\/#primaryimage\"},\"image\":{\"@id\":\"https:\/\/acerosmapa.com.co\/producto\/acero-1020\/#primaryimage\"},\"thumbnailUrl\":\"https:\/\/acerosmapa.com.co\/wp-content\/uploads\/2024\/07\/ACERO-1020.jpg\",\"datePublished\":\"2024-07-09T17:50:17+00:00\",\"dateModified\":\"2024-10-09T20:06:04+00:00\",\"breadcrumb\":{\"@id\":\"https:\/\/acerosmapa.com.co\/producto\/acero-1020\/#breadcrumb\"},\"inLanguage\":\"en-US\",\"potentialAction\":[{\"@type\":\"ReadAction\",\"target\":[\"https:\/\/acerosmapa.com.co\/producto\/acero-1020\/\"]}]},{\"@type\":\"ImageObject\",\"inLanguage\":\"en-US\",\"@id\":\"https:\/\/acerosmapa.com.co\/producto\/acero-1020\/#primaryimage\",\"url\":\"https:\/\/acerosmapa.com.co\/wp-content\/uploads\/2024\/07\/ACERO-1020.jpg\",\"contentUrl\":\"https:\/\/acerosmapa.com.co\/wp-content\/uploads\/2024\/07\/ACERO-1020.jpg\",\"width\":1920,\"height\":1080},{\"@type\":\"BreadcrumbList\",\"@id\":\"https:\/\/acerosmapa.com.co\/producto\/acero-1020\/#breadcrumb\",\"itemListElement\":[{\"@type\":\"ListItem\",\"position\":1,\"name\":\"Home\",\"item\":\"https:\/\/acerosmapa.com.co\/\"},{\"@type\":\"ListItem\",\"position\":2,\"name\":\"Tienda\",\"item\":\"https:\/\/acerosmapa.com.co\/tienda\/\"},{\"@type\":\"ListItem\",\"position\":3,\"name\":\"Acero 1020\"}]},{\"@type\":\"WebSite\",\"@id\":\"https:\/\/acerosmapa.com.co\/#website\",\"url\":\"https:\/\/acerosmapa.com.co\/\",\"name\":\"Aceros Mapa - Expertos en aceros\",\"description\":\"Aceros Especiales, Laminas de Acero, Tuberias, Perfiles estructurales,corte de acero y mucho mas.\",\"publisher\":{\"@id\":\"https:\/\/acerosmapa.com.co\/#organization\"},\"potentialAction\":[{\"@type\":\"SearchAction\",\"target\":{\"@type\":\"EntryPoint\",\"urlTemplate\":\"https:\/\/acerosmapa.com.co\/?s={search_term_string}\"},\"query-input\":\"required name=search_term_string\"}],\"inLanguage\":\"en-US\"},{\"@type\":\"Organization\",\"@id\":\"https:\/\/acerosmapa.com.co\/#organization\",\"name\":\"Aceros Mapa - Expertos en aceros\",\"url\":\"https:\/\/acerosmapa.com.co\/\",\"logo\":{\"@type\":\"ImageObject\",\"inLanguage\":\"en-US\",\"@id\":\"https:\/\/acerosmapa.com.co\/#\/schema\/logo\/image\/\",\"url\":\"https:\/\/acerosmapa.com.co\/wp-content\/uploads\/2024\/05\/LOGO-ACEROS.png\",\"contentUrl\":\"https:\/\/acerosmapa.com.co\/wp-content\/uploads\/2024\/05\/LOGO-ACEROS.png\",\"width\":465,\"height\":148,\"caption\":\"Aceros Mapa - Expertos en aceros\"},\"image\":{\"@id\":\"https:\/\/acerosmapa.com.co\/#\/schema\/logo\/image\/\"}}]}<\/script>\n<!-- \/ Yoast SEO Premium plugin. -->","yoast_head_json":{"title":"Acero 1020 - Aceros Mapa - Expertos en aceros","robots":{"index":"index","follow":"follow","max-snippet":"max-snippet:-1","max-image-preview":"max-image-preview:large","max-video-preview":"max-video-preview:-1"},"canonical":"https:\/\/acerosmapa.com.co\/en\/product\/acero-1020\/","og_locale":"en_US","og_type":"article","og_title":"Acero 1020","og_description":"SAE 1020 es un Acero de bajo carbono, que puede utilizarse en estado de suministro, y por sus condiciones, tiene la capacidad de ser templado, cementado y revestido con los diferentes tratamientos t\u00e9rmicos especiales como Nitruraci\u00f3n, Cromado, Teniferado etc. Aplicaci\u00f3n: ejes, torniller\u00eda grado 2, eslabones para cadena.","og_url":"https:\/\/acerosmapa.com.co\/en\/product\/acero-1020\/","og_site_name":"Aceros Mapa - Expertos en aceros","article_modified_time":"2024-10-09T20:06:04+00:00","og_image":[{"width":1920,"height":1080,"url":"https:\/\/acerosmapa.com.co\/wp-content\/uploads\/2024\/07\/ACERO-1020.jpg","type":"image\/jpeg"}],"twitter_card":"summary_large_image","twitter_misc":{"Est. reading time":"1 minute"},"schema":{"@context":"https:\/\/schema.org","@graph":[{"@type":"WebPage","@id":"https:\/\/acerosmapa.com.co\/producto\/acero-1020\/","url":"https:\/\/acerosmapa.com.co\/producto\/acero-1020\/","name":"Acero 1020 - Aceros Mapa - Expertos en aceros","isPartOf":{"@id":"https:\/\/acerosmapa.com.co\/#website"},"primaryImageOfPage":{"@id":"https:\/\/acerosmapa.com.co\/producto\/acero-1020\/#primaryimage"},"image":{"@id":"https:\/\/acerosmapa.com.co\/producto\/acero-1020\/#primaryimage"},"thumbnailUrl":"https:\/\/acerosmapa.com.co\/wp-content\/uploads\/2024\/07\/ACERO-1020.jpg","datePublished":"2024-07-09T17:50:17+00:00","dateModified":"2024-10-09T20:06:04+00:00","breadcrumb":{"@id":"https:\/\/acerosmapa.com.co\/producto\/acero-1020\/#breadcrumb"},"inLanguage":"en-US","potentialAction":[{"@type":"ReadAction","target":["https:\/\/acerosmapa.com.co\/producto\/acero-1020\/"]}]},{"@type":"ImageObject","inLanguage":"en-US","@id":"https:\/\/acerosmapa.com.co\/producto\/acero-1020\/#primaryimage","url":"https:\/\/acerosmapa.com.co\/wp-content\/uploads\/2024\/07\/ACERO-1020.jpg","contentUrl":"https:\/\/acerosmapa.com.co\/wp-content\/uploads\/2024\/07\/ACERO-1020.jpg","width":1920,"height":1080},{"@type":"BreadcrumbList","@id":"https:\/\/acerosmapa.com.co\/producto\/acero-1020\/#breadcrumb","itemListElement":[{"@type":"ListItem","position":1,"name":"Home","item":"https:\/\/acerosmapa.com.co\/"},{"@type":"ListItem","position":2,"name":"Tienda","item":"https:\/\/acerosmapa.com.co\/tienda\/"},{"@type":"ListItem","position":3,"name":"Acero 1020"}]},{"@type":"WebSite","@id":"https:\/\/acerosmapa.com.co\/#website","url":"https:\/\/acerosmapa.com.co\/","name":"Aceros Mapa - Expertos en aceros","description":"Aceros Especiales, Laminas de Acero, Tuberias, Perfiles estructurales,corte de acero y mucho mas.","publisher":{"@id":"https:\/\/acerosmapa.com.co\/#organization"},"potentialAction":[{"@type":"SearchAction","target":{"@type":"EntryPoint","urlTemplate":"https:\/\/acerosmapa.com.co\/?s={search_term_string}"},"query-input":"required name=search_term_string"}],"inLanguage":"en-US"},{"@type":"Organization","@id":"https:\/\/acerosmapa.com.co\/#organization","name":"Aceros Mapa - Expertos en aceros","url":"https:\/\/acerosmapa.com.co\/","logo":{"@type":"ImageObject","inLanguage":"en-US","@id":"https:\/\/acerosmapa.com.co\/#\/schema\/logo\/image\/","url":"https:\/\/acerosmapa.com.co\/wp-content\/uploads\/2024\/05\/LOGO-ACEROS.png","contentUrl":"https:\/\/acerosmapa.com.co\/wp-content\/uploads\/2024\/05\/LOGO-ACEROS.png","width":465,"height":148,"caption":"Aceros Mapa - Expertos en aceros"},"image":{"@id":"https:\/\/acerosmapa.com.co\/#\/schema\/logo\/image\/"}}]}},"_links":{"self":[{"href":"https:\/\/acerosmapa.com.co\/en\/wp-json\/wp\/v2\/product\/456"}],"collection":[{"href":"https:\/\/acerosmapa.com.co\/en\/wp-json\/wp\/v2\/product"}],"about":[{"href":"https:\/\/acerosmapa.com.co\/en\/wp-json\/wp\/v2\/types\/product"}],"replies":[{"embeddable":true,"href":"https:\/\/acerosmapa.com.co\/en\/wp-json\/wp\/v2\/comments?post=456"}],"wp:featuredmedia":[{"embeddable":true,"href":"https:\/\/acerosmapa.com.co\/en\/wp-json\/wp\/v2\/media\/1391"}],"wp:attachment":[{"href":"https:\/\/acerosmapa.com.co\/en\/wp-json\/wp\/v2\/media?parent=456"}],"wp:term":[{"taxonomy":"product_cat","embeddable":true,"href":"https:\/\/acerosmapa.com.co\/en\/wp-json\/wp\/v2\/product_cat?post=456"},{"taxonomy":"product_tag","embeddable":true,"href":"https:\/\/acerosmapa.com.co\/en\/wp-json\/wp\/v2\/product_tag?post=456"}],"curies":[{"name":"wp","href":"https:\/\/api.w.org\/{rel}","templated":true}]}}