{"id":1317,"date":"2024-09-11T15:01:09","date_gmt":"2024-09-11T20:01:09","guid":{"rendered":"https:\/\/acerosmapa.com.co\/?page_id=1317"},"modified":"2024-09-11T15:01:09","modified_gmt":"2024-09-11T20:01:09","slug":"home-b","status":"publish","type":"page","link":"https:\/\/acerosmapa.com.co\/en\/home-b\/","title":{"rendered":"home-b"},"content":{"rendered":"<div data-elementor-type=\"wp-page\" data-elementor-id=\"1317\" class=\"elementor elementor-1317\" data-elementor-post-type=\"page\">\n\t\t\t\t<div class=\"elementor-element elementor-element-07f4941 e-con-full e-flex e-con e-parent\" data-id=\"07f4941\" data-element_type=\"container\" data-settings=\"{&quot;background_background&quot;:&quot;video&quot;,&quot;background_video_link&quot;:&quot;https:\\\/\\\/acerosmapa.com.co\\\/wp-content\\\/uploads\\\/2024\\\/06\\\/Aceros.mp4&quot;,&quot;background_play_on_mobile&quot;:&quot;yes&quot;,&quot;motion_fx_motion_fx_scrolling&quot;:&quot;yes&quot;,&quot;motion_fx_translateY_effect&quot;:&quot;yes&quot;,&quot;motion_fx_translateY_direction&quot;:&quot;negative&quot;,&quot;motion_fx_translateY_speed&quot;:{&quot;unit&quot;:&quot;px&quot;,&quot;size&quot;:0,&quot;sizes&quot;:[]},&quot;motion_fx_range&quot;:&quot;page&quot;,&quot;motion_fx_translateY_affectedRange&quot;:{&quot;unit&quot;:&quot;%&quot;,&quot;size&quot;:&quot;&quot;,&quot;sizes&quot;:{&quot;start&quot;:0,&quot;end&quot;:100}},&quot;motion_fx_devices&quot;:[&quot;desktop&quot;,&quot;tablet&quot;,&quot;mobile&quot;]}\">\n\t\t<div class=\"elementor-background-video-container\">\n\t\t\t\t\t\t\t<video class=\"elementor-background-video-hosted elementor-html5-video\" autoplay muted playsinline loop><\/video>\n\t\t\t\t\t<\/div>\t\t<div class=\"elementor-element elementor-element-17e3ece htmega-title-align-start elementor-widget elementor-widget-section-title-addons\" data-id=\"17e3ece\" data-element_type=\"widget\" data-widget_type=\"section-title-addons.default\">\n\t\t\t\t<div class=\"elementor-widget-container\">\n\t\t\t            <div class=\"htmega-17e3ece htmega-section-title htmega-subtitle-position- title-style-one  image-\">\n                <h2 class=\"section-title-txt\">More than 80 years making<br \/>the steel industry<\/h2>            <\/div>\n\n            \n        \t\t<\/div>\n\t\t\t\t<\/div>\n\t\t\t\t<\/div>\n\t\t\t\t<section class=\"elementor-section elementor-top-section elementor-element elementor-element-48023d0e elementor-section-full_width elementor-section-height-default elementor-section-height-default\" data-id=\"48023d0e\" data-element_type=\"section\" data-settings=\"{&quot;background_background&quot;:&quot;classic&quot;}\">\n\t\t\t\t\t\t<div class=\"elementor-container elementor-column-gap-no\">\n\t\t\t\t\t<div class=\"elementor-column elementor-col-100 elementor-top-column elementor-element elementor-element-10491933\" data-id=\"10491933\" data-element_type=\"column\">\n\t\t\t<div class=\"elementor-widget-wrap elementor-element-populated\">\n\t\t\t\t\t\t<div class=\"elementor-element elementor-element-643d0306 elementor-widget elementor-widget-spacer\" data-id=\"643d0306\" data-element_type=\"widget\" data-widget_type=\"spacer.default\">\n\t\t\t\t<div class=\"elementor-widget-container\">\n\t\t\t<style>\/*! elementor - v3.23.0 - 05-08-2024 *\/\n.elementor-column .elementor-spacer-inner{height:var(--spacer-size)}.e-con{--container-widget-width:100%}.e-con-inner>.elementor-widget-spacer,.e-con>.elementor-widget-spacer{width:var(--container-widget-width,var(--spacer-size));--align-self:var(--container-widget-align-self,initial);--flex-shrink:0}.e-con-inner>.elementor-widget-spacer>.elementor-widget-container,.e-con>.elementor-widget-spacer>.elementor-widget-container{height:100%;width:100%}.e-con-inner>.elementor-widget-spacer>.elementor-widget-container>.elementor-spacer,.e-con>.elementor-widget-spacer>.elementor-widget-container>.elementor-spacer{height:100%}.e-con-inner>.elementor-widget-spacer>.elementor-widget-container>.elementor-spacer>.elementor-spacer-inner,.e-con>.elementor-widget-spacer>.elementor-widget-container>.elementor-spacer>.elementor-spacer-inner{height:var(--container-widget-height,var(--spacer-size))}.e-con-inner>.elementor-widget-spacer.elementor-widget-empty,.e-con>.elementor-widget-spacer.elementor-widget-empty{position:relative;min-height:22px;min-width:22px}.e-con-inner>.elementor-widget-spacer.elementor-widget-empty .elementor-widget-empty-icon,.e-con>.elementor-widget-spacer.elementor-widget-empty .elementor-widget-empty-icon{position:absolute;top:0;bottom:0;left:0;right:0;margin:auto;padding:0;width:22px;height:22px}<\/style>\t\t<div class=\"elementor-spacer\">\n\t\t\t<div class=\"elementor-spacer-inner\"><\/div>\n\t\t<\/div>\n\t\t\t\t<\/div>\n\t\t\t\t<\/div>\n\t\t\t\t\t<\/div>\n\t\t<\/div>\n\t\t\t\t\t<\/div>\n\t\t<\/section>\n\t\t\t\t<section class=\"elementor-section elementor-top-section elementor-element elementor-element-4f49a8ee elementor-section-boxed elementor-section-height-default elementor-section-height-default\" data-id=\"4f49a8ee\" data-element_type=\"section\" data-settings=\"{&quot;background_background&quot;:&quot;classic&quot;}\">\n\t\t\t\t\t\t\t<div class=\"elementor-background-overlay\"><\/div>\n\t\t\t\t\t\t\t<div class=\"elementor-container elementor-column-gap-no\">\n\t\t\t\t\t<div class=\"elementor-column elementor-col-50 elementor-top-column elementor-element elementor-element-5089257b\" data-id=\"5089257b\" data-element_type=\"column\">\n\t\t\t<div class=\"elementor-widget-wrap elementor-element-populated\">\n\t\t\t\t\t\t<div class=\"elementor-element elementor-element-5ed3a722 elementor-widget elementor-widget-heading\" data-id=\"5ed3a722\" data-element_type=\"widget\" data-widget_type=\"heading.default\">\n\t\t\t\t<div class=\"elementor-widget-container\">\n\t\t\t<style>\/*! elementor - v3.23.0 - 05-08-2024 *\/\n.elementor-heading-title{padding:0;margin:0;line-height:1}.elementor-widget-heading .elementor-heading-title[class*=elementor-size-]>a{color:inherit;font-size:inherit;line-height:inherit}.elementor-widget-heading .elementor-heading-title.elementor-size-small{font-size:15px}.elementor-widget-heading .elementor-heading-title.elementor-size-medium{font-size:19px}.elementor-widget-heading .elementor-heading-title.elementor-size-large{font-size:29px}.elementor-widget-heading .elementor-heading-title.elementor-size-xl{font-size:39px}.elementor-widget-heading .elementor-heading-title.elementor-size-xxl{font-size:59px}<\/style><h3 class=\"elementor-heading-title elementor-size-default\"><a href=\"\">WE OFFER YOU SUPPORT IN ALL<br class='salto_desk'>\nYOUR PROJECTS<\/a><\/h3>\t\t<\/div>\n\t\t\t\t<\/div>\n\t\t\t\t<div class=\"elementor-element elementor-element-3c54d522 elementor-widget elementor-widget-text-editor\" data-id=\"3c54d522\" data-element_type=\"widget\" data-widget_type=\"text-editor.default\">\n\t\t\t\t<div class=\"elementor-widget-container\">\n\t\t\t<style>\/*! elementor - v3.23.0 - 05-08-2024 *\/\n.elementor-widget-text-editor.elementor-drop-cap-view-stacked .elementor-drop-cap{background-color:#69727d;color:#fff}.elementor-widget-text-editor.elementor-drop-cap-view-framed .elementor-drop-cap{color:#69727d;border:3px solid;background-color:transparent}.elementor-widget-text-editor:not(.elementor-drop-cap-view-default) .elementor-drop-cap{margin-top:8px}.elementor-widget-text-editor:not(.elementor-drop-cap-view-default) .elementor-drop-cap-letter{width:1em;height:1em}.elementor-widget-text-editor .elementor-drop-cap{float:left;text-align:center;line-height:1;font-size:50px}.elementor-widget-text-editor .elementor-drop-cap-letter{display:inline-block}<\/style>\t\t\t\t<p>We offer you tailor-made services that add value and results to each of your projects.<\/p>\t\t\t\t\t\t<\/div>\n\t\t\t\t<\/div>\n\t\t\t\t<div class=\"elementor-element elementor-element-ba0e844 elementor-widget elementor-widget-htmega-button-addons\" data-id=\"ba0e844\" data-element_type=\"widget\" data-widget_type=\"htmega-button-addons.default\">\n\t\t\t\t<div class=\"elementor-widget-container\">\n\t\t\t<div class=\"htmega-button htmega-btn-style-1 htmega-btn-shadow-0\"><a href=\"https:\/\/acerosmapa.com.co\/servicios\/\" class=\"htb-btn htmega-btn-size-sm htmega-btn-effect-6\">Learn more<\/a><\/div>\t\t<\/div>\n\t\t\t\t<\/div>\n\t\t\t\t\t<\/div>\n\t\t<\/div>\n\t\t\t\t<div class=\"elementor-column elementor-col-50 elementor-top-column elementor-element elementor-element-2149a333\" data-id=\"2149a333\" data-element_type=\"column\">\n\t\t\t<div class=\"elementor-widget-wrap elementor-element-populated\">\n\t\t\t\t<div class=\"elementor-element elementor-element-e3b271d e-grid e-con-boxed e-con e-parent\" data-id=\"e3b271d\" data-element_type=\"container\">\n\t\t\t\t\t<div class=\"e-con-inner\">\n\t\t<a class=\"elementor-element elementor-element-a3c17fe e-con-full e-flex e-con e-child\" data-id=\"a3c17fe\" data-element_type=\"container\" data-settings=\"{&quot;background_background&quot;:&quot;classic&quot;}\" href=\"https:\/\/acerosmapa.com.co\/servicios\/#corte_aceros\">\n\t\t\t\t<div class=\"elementor-element elementor-element-a3c3cf6 elementor-widget elementor-widget-heading\" data-id=\"a3c3cf6\" data-element_type=\"widget\" data-widget_type=\"heading.default\">\n\t\t\t\t<div class=\"elementor-widget-container\">\n\t\t\t<h2 class=\"elementor-heading-title elementor-size-default\">STEEL CUTTING<\/h2>\t\t<\/div>\n\t\t\t\t<\/div>\n\t\t\t\t<\/a>\n\t\t<a class=\"elementor-element elementor-element-72cc0ec e-con-full e-flex e-con e-child\" data-id=\"72cc0ec\" data-element_type=\"container\" data-settings=\"{&quot;background_background&quot;:&quot;classic&quot;}\" href=\"https:\/\/acerosmapa.com.co\/servicios\/#corte_laminas\">\n\t\t\t\t<div class=\"elementor-element elementor-element-b78ad1f elementor-widget elementor-widget-heading\" data-id=\"b78ad1f\" data-element_type=\"widget\" data-widget_type=\"heading.default\">\n\t\t\t\t<div class=\"elementor-widget-container\">\n\t\t\t<h2 class=\"elementor-heading-title elementor-size-default\">SHEET CUTTING<\/h2>\t\t<\/div>\n\t\t\t\t<\/div>\n\t\t\t\t<\/a>\n\t\t<a class=\"elementor-element elementor-element-ec3b486 e-con-full e-flex e-con e-child\" data-id=\"ec3b486\" data-element_type=\"container\" data-settings=\"{&quot;background_background&quot;:&quot;classic&quot;}\" href=\"https:\/\/acerosmapa.com.co\/servicios\/#asesorias\">\n\t\t\t\t<div class=\"elementor-element elementor-element-5d49ed0 elementor-widget elementor-widget-heading\" data-id=\"5d49ed0\" data-element_type=\"widget\" data-widget_type=\"heading.default\">\n\t\t\t\t<div class=\"elementor-widget-container\">\n\t\t\t<h2 class=\"elementor-heading-title elementor-size-default\">TECHNICAL ADVICE<\/h2>\t\t<\/div>\n\t\t\t\t<\/div>\n\t\t\t\t<\/a>\n\t\t<a class=\"elementor-element elementor-element-3066254 e-con-full e-flex e-con e-child\" data-id=\"3066254\" data-element_type=\"container\" data-settings=\"{&quot;background_background&quot;:&quot;classic&quot;}\" href=\"https:\/\/acerosmapa.com.co\/servicios\/#proyectos\">\n\t\t\t\t<div class=\"elementor-element elementor-element-eabc65f elementor-widget elementor-widget-heading\" data-id=\"eabc65f\" data-element_type=\"widget\" data-widget_type=\"heading.default\">\n\t\t\t\t<div class=\"elementor-widget-container\">\n\t\t\t<h2 class=\"elementor-heading-title elementor-size-default\">SPECIAL PROJECTS<\/h2>\t\t<\/div>\n\t\t\t\t<\/div>\n\t\t\t\t<\/a>\n\t\t\t\t\t<\/div>\n\t\t\t\t<\/div>\n\t\t\t\t\t<\/div>\n\t\t<\/div>\n\t\t\t\t\t<\/div>\n\t\t<\/section>\n\t\t\t\t<section class=\"elementor-section elementor-top-section elementor-element elementor-element-47f0ab07 elementor-section-boxed elementor-section-height-default elementor-section-height-default\" data-id=\"47f0ab07\" data-element_type=\"section\" data-settings=\"{&quot;background_background&quot;:&quot;classic&quot;}\">\n\t\t\t\t\t\t\t<div class=\"elementor-background-overlay\"><\/div>\n\t\t\t\t\t\t\t<div class=\"elementor-container elementor-column-gap-no\">\n\t\t\t\t\t<div class=\"elementor-column elementor-col-100 elementor-top-column elementor-element elementor-element-5b7b51c9\" data-id=\"5b7b51c9\" data-element_type=\"column\" data-settings=\"{&quot;background_background&quot;:&quot;classic&quot;}\">\n\t\t\t<div class=\"elementor-widget-wrap elementor-element-populated\">\n\t\t\t\t\t<div class=\"elementor-background-overlay\"><\/div>\n\t\t\t\t\t\t<div class=\"elementor-element elementor-element-2d6e60b elementor-widget elementor-widget-spacer\" data-id=\"2d6e60b\" data-element_type=\"widget\" data-widget_type=\"spacer.default\">\n\t\t\t\t<div class=\"elementor-widget-container\">\n\t\t\t\t\t<div class=\"elementor-spacer\">\n\t\t\t<div class=\"elementor-spacer-inner\"><\/div>\n\t\t<\/div>\n\t\t\t\t<\/div>\n\t\t\t\t<\/div>\n\t\t\t\t\t<\/div>\n\t\t<\/div>\n\t\t\t\t\t<\/div>\n\t\t<\/section>\n\t\t<div class=\"elementor-element elementor-element-7e411c8 e-flex e-con-boxed e-con e-parent\" data-id=\"7e411c8\" data-element_type=\"container\" data-settings=\"{&quot;background_background&quot;:&quot;classic&quot;}\">\n\t\t\t\t\t<div class=\"e-con-inner\">\n\t\t<div class=\"elementor-element elementor-element-7eb3bc3 e-con-full e-flex e-con e-child\" data-id=\"7eb3bc3\" data-element_type=\"container\">\n\t\t\t\t<div class=\"elementor-element elementor-element-246bde4 elementor-widget elementor-widget-heading\" data-id=\"246bde4\" data-element_type=\"widget\" data-widget_type=\"heading.default\">\n\t\t\t\t<div class=\"elementor-widget-container\">\n\t\t\t<h3 class=\"elementor-heading-title elementor-size-default\">INNOVATION:\nOUR RAW MATERIAL<\/h3>\t\t<\/div>\n\t\t\t\t<\/div>\n\t\t\t\t<div class=\"elementor-element elementor-element-812d27b elementor-widget elementor-widget-text-editor\" data-id=\"812d27b\" data-element_type=\"widget\" data-widget_type=\"text-editor.default\">\n\t\t\t\t<div class=\"elementor-widget-container\">\n\t\t\t\t\t\t\t<p>We have a broad portfolio of products designed to impact different sectors of the industry.<\/p><p>We offer you the highest quality standards through innovative solutions that give you the support and confidence you need to meet your project goals.<\/p>\t\t\t\t\t\t<\/div>\n\t\t\t\t<\/div>\n\t\t\t\t<div class=\"elementor-element elementor-element-5cb7010 elementor-widget elementor-widget-htmega-button-addons\" data-id=\"5cb7010\" data-element_type=\"widget\" data-widget_type=\"htmega-button-addons.default\">\n\t\t\t\t<div class=\"elementor-widget-container\">\n\t\t\t<div class=\"htmega-button htmega-btn-style-1 htmega-btn-shadow-0\"><a href=\"https:\/\/acerosmapa.com.co\/productos\/\" class=\"htb-btn htmega-btn-size-sm htmega-btn-effect-1\">Explore our catalog<\/a><\/div>\t\t<\/div>\n\t\t\t\t<\/div>\n\t\t\t\t<\/div>\n\t\t<div class=\"elementor-element elementor-element-98c5ddb e-con-full e-flex e-con e-child\" data-id=\"98c5ddb\" data-element_type=\"container\">\n\t\t<div class=\"elementor-element elementor-element-1b3dba5 e-grid e-con-boxed e-con e-child\" data-id=\"1b3dba5\" data-element_type=\"container\">\n\t\t\t\t\t<div class=\"e-con-inner\">\n\t\t<a class=\"elementor-element elementor-element-90b1bbb e-con-full e-flex e-con e-child\" data-id=\"90b1bbb\" data-element_type=\"container\" data-settings=\"{&quot;background_background&quot;:&quot;classic&quot;}\" href=\"https:\/\/acerosmapa.com.co\/productos\/?wpf_filter_cat_list_0=23&#038;wpf_fbv=1\">\n\t\t\t\t<div class=\"elementor-element elementor-element-d719c8b elementor-widget elementor-widget-heading\" data-id=\"d719c8b\" data-element_type=\"widget\" data-widget_type=\"heading.default\">\n\t\t\t\t<div class=\"elementor-widget-container\">\n\t\t\t<h2 class=\"elementor-heading-title elementor-size-default\">SPECIAL STEELS<\/h2>\t\t<\/div>\n\t\t\t\t<\/div>\n\t\t\t\t<\/a>\n\t\t<a class=\"elementor-element elementor-element-9c28d9b e-con-full e-flex e-con e-child\" data-id=\"9c28d9b\" data-element_type=\"container\" data-settings=\"{&quot;background_background&quot;:&quot;classic&quot;}\" href=\"https:\/\/acerosmapa.com.co\/productos\/?wpf_filter_cat_list_0=24&#038;wpf_fbv=1\">\n\t\t\t\t<div class=\"elementor-element elementor-element-4e3bc60 elementor-widget elementor-widget-heading\" data-id=\"4e3bc60\" data-element_type=\"widget\" data-widget_type=\"heading.default\">\n\t\t\t\t<div class=\"elementor-widget-container\">\n\t\t\t<h2 class=\"elementor-heading-title elementor-size-default\">CR STEEL SHEETS<\/h2>\t\t<\/div>\n\t\t\t\t<\/div>\n\t\t\t\t<\/a>\n\t\t<a class=\"elementor-element elementor-element-f3119c4 e-con-full e-flex e-con e-child\" data-id=\"f3119c4\" data-element_type=\"container\" data-settings=\"{&quot;background_background&quot;:&quot;classic&quot;}\" href=\"https:\/\/acerosmapa.com.co\/productos\/?wpf_filter_cat_list_0=24&#038;wpf_fbv=1\">\n\t\t\t\t<div class=\"elementor-element elementor-element-1c60174 elementor-widget elementor-widget-heading\" data-id=\"1c60174\" data-element_type=\"widget\" data-widget_type=\"heading.default\">\n\t\t\t\t<div class=\"elementor-widget-container\">\n\t\t\t<h2 class=\"elementor-heading-title elementor-size-default\">HR STEEL SHEETS<\/h2>\t\t<\/div>\n\t\t\t\t<\/div>\n\t\t\t\t<\/a>\n\t\t<a class=\"elementor-element elementor-element-892528c e-con-full e-flex e-con e-child\" data-id=\"892528c\" data-element_type=\"container\" data-settings=\"{&quot;background_background&quot;:&quot;classic&quot;}\" href=\"https:\/\/acerosmapa.com.co\/productos\/?wpf_fbv=1&#038;wpf_filter_cat_list_0=25\">\n\t\t\t\t<div class=\"elementor-element elementor-element-af6e947 elementor-widget elementor-widget-heading\" data-id=\"af6e947\" data-element_type=\"widget\" data-widget_type=\"heading.default\">\n\t\t\t\t<div class=\"elementor-widget-container\">\n\t\t\t<h2 class=\"elementor-heading-title elementor-size-default\">STRUCTURAL PROFILES<\/h2>\t\t<\/div>\n\t\t\t\t<\/div>\n\t\t\t\t<\/a>\n\t\t<a class=\"elementor-element elementor-element-b7b1b60 e-con-full e-flex e-con e-child\" data-id=\"b7b1b60\" data-element_type=\"container\" data-settings=\"{&quot;background_background&quot;:&quot;classic&quot;}\" href=\"https:\/\/acerosmapa.com.co\/productos\/?wpf_fbv=1&#038;wpf_filter_cat_list_0=26\">\n\t\t\t\t<div class=\"elementor-element elementor-element-187a4f4 elementor-widget elementor-widget-heading\" data-id=\"187a4f4\" data-element_type=\"widget\" data-widget_type=\"heading.default\">\n\t\t\t\t<div class=\"elementor-widget-container\">\n\t\t\t<h2 class=\"elementor-heading-title elementor-size-default\">PIPING<\/h2>\t\t<\/div>\n\t\t\t\t<\/div>\n\t\t\t\t<\/a>\n\t\t<a class=\"elementor-element elementor-element-1db8d89 e-con-full e-flex e-con e-child\" data-id=\"1db8d89\" data-element_type=\"container\" data-settings=\"{&quot;background_background&quot;:&quot;classic&quot;}\" href=\"https:\/\/acerosmapa.com.co\/productos\/?wpf_fbv=1&#038;wpf_filter_cat_list_0=25\">\n\t\t\t\t<div class=\"elementor-element elementor-element-ba65a7b elementor-widget elementor-widget-heading\" data-id=\"ba65a7b\" data-element_type=\"widget\" data-widget_type=\"heading.default\">\n\t\t\t\t<div class=\"elementor-widget-container\">\n\t\t\t<h2 class=\"elementor-heading-title elementor-size-default\">PLATENS STEEL<\/h2>\t\t<\/div>\n\t\t\t\t<\/div>\n\t\t\t\t<\/a>\n\t\t\t\t\t<\/div>\n\t\t\t\t<\/div>\n\t\t\t\t<\/div>\n\t\t\t\t\t<\/div>\n\t\t\t\t<\/div>\n\t\t\t\t<\/div>","protected":false},"excerpt":{"rendered":"<p>M\u00e1s de 80 a\u00f1os concretandola industria del acero TE BRINDAMOS ACOMPA\u00d1AMIENTO EN TODOS TUS PROYECTOS Te ofrecemos servicios a tu medida que le aporten valor y resultados a cada uno de tus proyectos. Conocer m\u00e1s CORTE DE ACEROS CORTE DE L\u00c1MINAS ASESOR\u00cdA T\u00c9CNICA PROYECTOS ESPECIALES LA INNOVACI\u00d3N: NUESTRA MATERIA PRIMA Contamos con un amplio portafolio [&hellip;]<\/p>","protected":false},"author":1,"featured_media":0,"parent":0,"menu_order":0,"comment_status":"closed","ping_status":"closed","template":"elementor_header_footer","meta":{"_acf_changed":false,"footnotes":""},"class_list":["post-1317","page","type-page","status-publish","hentry"],"acf":[],"yoast_head":"<!-- This site is optimized with the Yoast SEO Premium plugin v23.3 (Yoast SEO v23.3) - https:\/\/yoast.com\/wordpress\/plugins\/seo\/ -->\n<title>Aceros MAPA - L\u00edder en Materiales de Acero en Colombia<\/title>\n<meta name=\"description\" content=\"En Aceros MAPA ofrecemos materiales de acero de la m\u00e1s alta calidad para construcci\u00f3n e industria en Colombia. \u00a1Conoce nuestros productos y soluciones!\" \/>\n<meta name=\"robots\" content=\"index, follow, max-snippet:-1, max-image-preview:large, max-video-preview:-1\" \/>\n<link rel=\"canonical\" href=\"https:\/\/acerosmapa.com.co\/en\/home-b\/\" \/>\n<meta property=\"og:locale\" content=\"en_US\" \/>\n<meta property=\"og:type\" content=\"article\" \/>\n<meta property=\"og:title\" content=\"home-b\" \/>\n<meta property=\"og:description\" content=\"En Aceros MAPA ofrecemos materiales de acero de la m\u00e1s alta calidad para construcci\u00f3n e industria en Colombia. \u00a1Conoce nuestros productos y soluciones!\" \/>\n<meta property=\"og:url\" content=\"https:\/\/acerosmapa.com.co\/en\/home-b\/\" \/>\n<meta property=\"og:site_name\" content=\"Aceros Mapa - Expertos en aceros\" \/>\n<meta name=\"twitter:card\" content=\"summary_large_image\" \/>\n<meta name=\"twitter:label1\" content=\"Est. reading time\" \/>\n\t<meta name=\"twitter:data1\" content=\"1 minute\" \/>\n<script type=\"application\/ld+json\" class=\"yoast-schema-graph\">{\"@context\":\"https:\/\/schema.org\",\"@graph\":[{\"@type\":\"WebPage\",\"@id\":\"https:\/\/acerosmapa.com.co\/home-b\/\",\"url\":\"https:\/\/acerosmapa.com.co\/home-b\/\",\"name\":\"Aceros MAPA - L\u00edder en Materiales de Acero en Colombia\",\"isPartOf\":{\"@id\":\"https:\/\/acerosmapa.com.co\/#website\"},\"datePublished\":\"2024-09-11T20:01:09+00:00\",\"dateModified\":\"2024-09-11T20:01:09+00:00\",\"description\":\"En Aceros MAPA ofrecemos materiales de acero de la m\u00e1s alta calidad para construcci\u00f3n e industria en Colombia. \u00a1Conoce nuestros productos y soluciones!\",\"breadcrumb\":{\"@id\":\"https:\/\/acerosmapa.com.co\/home-b\/#breadcrumb\"},\"inLanguage\":\"en-US\",\"potentialAction\":[{\"@type\":\"ReadAction\",\"target\":[\"https:\/\/acerosmapa.com.co\/home-b\/\"]}]},{\"@type\":\"BreadcrumbList\",\"@id\":\"https:\/\/acerosmapa.com.co\/home-b\/#breadcrumb\",\"itemListElement\":[{\"@type\":\"ListItem\",\"position\":1,\"name\":\"Home\",\"item\":\"https:\/\/acerosmapa.com.co\/\"},{\"@type\":\"ListItem\",\"position\":2,\"name\":\"home-b\"}]},{\"@type\":\"WebSite\",\"@id\":\"https:\/\/acerosmapa.com.co\/#website\",\"url\":\"https:\/\/acerosmapa.com.co\/\",\"name\":\"Aceros Mapa - Expertos en aceros\",\"description\":\"Aceros Especiales, Laminas de Acero, Tuberias, Perfiles estructurales,corte de acero y mucho mas.\",\"publisher\":{\"@id\":\"https:\/\/acerosmapa.com.co\/#organization\"},\"potentialAction\":[{\"@type\":\"SearchAction\",\"target\":{\"@type\":\"EntryPoint\",\"urlTemplate\":\"https:\/\/acerosmapa.com.co\/?s={search_term_string}\"},\"query-input\":\"required name=search_term_string\"}],\"inLanguage\":\"en-US\"},{\"@type\":\"Organization\",\"@id\":\"https:\/\/acerosmapa.com.co\/#organization\",\"name\":\"Aceros Mapa - Expertos en aceros\",\"url\":\"https:\/\/acerosmapa.com.co\/\",\"logo\":{\"@type\":\"ImageObject\",\"inLanguage\":\"en-US\",\"@id\":\"https:\/\/acerosmapa.com.co\/#\/schema\/logo\/image\/\",\"url\":\"https:\/\/acerosmapa.com.co\/wp-content\/uploads\/2024\/05\/LOGO-ACEROS.png\",\"contentUrl\":\"https:\/\/acerosmapa.com.co\/wp-content\/uploads\/2024\/05\/LOGO-ACEROS.png\",\"width\":465,\"height\":148,\"caption\":\"Aceros Mapa - Expertos en aceros\"},\"image\":{\"@id\":\"https:\/\/acerosmapa.com.co\/#\/schema\/logo\/image\/\"}}]}<\/script>\n<!-- \/ Yoast SEO Premium plugin. -->","yoast_head_json":{"title":"Aceros MAPA - L\u00edder en Materiales de Acero en Colombia","description":"En Aceros MAPA ofrecemos materiales de acero de la m\u00e1s alta calidad para construcci\u00f3n e industria en Colombia. \u00a1Conoce nuestros productos y soluciones!","robots":{"index":"index","follow":"follow","max-snippet":"max-snippet:-1","max-image-preview":"max-image-preview:large","max-video-preview":"max-video-preview:-1"},"canonical":"https:\/\/acerosmapa.com.co\/en\/home-b\/","og_locale":"en_US","og_type":"article","og_title":"home-b","og_description":"En Aceros MAPA ofrecemos materiales de acero de la m\u00e1s alta calidad para construcci\u00f3n e industria en Colombia. \u00a1Conoce nuestros productos y soluciones!","og_url":"https:\/\/acerosmapa.com.co\/en\/home-b\/","og_site_name":"Aceros Mapa - Expertos en aceros","twitter_card":"summary_large_image","twitter_misc":{"Est. reading time":"1 minute"},"schema":{"@context":"https:\/\/schema.org","@graph":[{"@type":"WebPage","@id":"https:\/\/acerosmapa.com.co\/home-b\/","url":"https:\/\/acerosmapa.com.co\/home-b\/","name":"Aceros MAPA - L\u00edder en Materiales de Acero en Colombia","isPartOf":{"@id":"https:\/\/acerosmapa.com.co\/#website"},"datePublished":"2024-09-11T20:01:09+00:00","dateModified":"2024-09-11T20:01:09+00:00","description":"En Aceros MAPA ofrecemos materiales de acero de la m\u00e1s alta calidad para construcci\u00f3n e industria en Colombia. \u00a1Conoce nuestros productos y soluciones!","breadcrumb":{"@id":"https:\/\/acerosmapa.com.co\/home-b\/#breadcrumb"},"inLanguage":"en-US","potentialAction":[{"@type":"ReadAction","target":["https:\/\/acerosmapa.com.co\/home-b\/"]}]},{"@type":"BreadcrumbList","@id":"https:\/\/acerosmapa.com.co\/home-b\/#breadcrumb","itemListElement":[{"@type":"ListItem","position":1,"name":"Home","item":"https:\/\/acerosmapa.com.co\/"},{"@type":"ListItem","position":2,"name":"home-b"}]},{"@type":"WebSite","@id":"https:\/\/acerosmapa.com.co\/#website","url":"https:\/\/acerosmapa.com.co\/","name":"Aceros Mapa - Expertos en aceros","description":"Aceros Especiales, Laminas de Acero, Tuberias, Perfiles estructurales,corte de acero y mucho mas.","publisher":{"@id":"https:\/\/acerosmapa.com.co\/#organization"},"potentialAction":[{"@type":"SearchAction","target":{"@type":"EntryPoint","urlTemplate":"https:\/\/acerosmapa.com.co\/?s={search_term_string}"},"query-input":"required name=search_term_string"}],"inLanguage":"en-US"},{"@type":"Organization","@id":"https:\/\/acerosmapa.com.co\/#organization","name":"Aceros Mapa - Expertos en aceros","url":"https:\/\/acerosmapa.com.co\/","logo":{"@type":"ImageObject","inLanguage":"en-US","@id":"https:\/\/acerosmapa.com.co\/#\/schema\/logo\/image\/","url":"https:\/\/acerosmapa.com.co\/wp-content\/uploads\/2024\/05\/LOGO-ACEROS.png","contentUrl":"https:\/\/acerosmapa.com.co\/wp-content\/uploads\/2024\/05\/LOGO-ACEROS.png","width":465,"height":148,"caption":"Aceros Mapa - Expertos en aceros"},"image":{"@id":"https:\/\/acerosmapa.com.co\/#\/schema\/logo\/image\/"}}]}},"_links":{"self":[{"href":"https:\/\/acerosmapa.com.co\/en\/wp-json\/wp\/v2\/pages\/1317"}],"collection":[{"href":"https:\/\/acerosmapa.com.co\/en\/wp-json\/wp\/v2\/pages"}],"about":[{"href":"https:\/\/acerosmapa.com.co\/en\/wp-json\/wp\/v2\/types\/page"}],"author":[{"embeddable":true,"href":"https:\/\/acerosmapa.com.co\/en\/wp-json\/wp\/v2\/users\/1"}],"replies":[{"embeddable":true,"href":"https:\/\/acerosmapa.com.co\/en\/wp-json\/wp\/v2\/comments?post=1317"}],"version-history":[{"count":1,"href":"https:\/\/acerosmapa.com.co\/en\/wp-json\/wp\/v2\/pages\/1317\/revisions"}],"predecessor-version":[{"id":1318,"href":"https:\/\/acerosmapa.com.co\/en\/wp-json\/wp\/v2\/pages\/1317\/revisions\/1318"}],"wp:attachment":[{"href":"https:\/\/acerosmapa.com.co\/en\/wp-json\/wp\/v2\/media?parent=1317"}],"curies":[{"name":"wp","href":"https:\/\/api.w.org\/{rel}","templated":true}]}}